{"id":15720,"date":"2025-04-15T18:03:44","date_gmt":"2025-04-15T16:03:44","guid":{"rendered":"https:\/\/vossgass.no\/produkt\/pipeline-original-1-liter-rens-av-tappelinjer\/"},"modified":"2026-02-23T16:06:57","modified_gmt":"2026-02-23T15:06:57","slug":"pipeline-original-1-liter-rens-av-tappelinjer","status":"publish","type":"product","link":"https:\/\/vossgass.no\/en\/product\/pipeline-original-1-liter-rens-av-tappelinjer\/","title":{"rendered":"Pipeline Original 1 liter, rens av tappelinjer."},"content":{"rendered":"","protected":false},"excerpt":{"rendered":"<p>Pipeline Original 1 liter<\/p>\n<p>Chemisphere UK&#8217;s originale alkaliske Pipeline Purple Beer Line Cleaner, beregnet for rengj\u00f8ring av tappelinjer. Anbefalt til hjemmebryggere!<br \/>\nPipeline er spesialdesignet for \u00e5 bryte ned kontamineringer som gj\u00e6r, proteiner og sukker i tappelinjen.<\/p>\n<p>Pipeline kj\u00f8res gjennom tappelinjen og fungerer p\u00e5 den geniale m\u00e5ten at fargen endrer seg n\u00e5r slangen er skitten, og du vet at det er rent n\u00e5r v\u00e6sken har f\u00e5tt en stabil lilla farge. Den er trygg \u00e5 bruke p\u00e5 alle typer slange-materialer, r\u00f8r, m\u00e5lere, pumper, \u00f8lmotorer, kraner og tilkoblinger n\u00e5r den brukes som foreskrevet. Inneholder ikke kaustisk soda.<\/p>\n<p>Blandingsforhold: Oppl\u00f8ses i vann 2,5% (250ml til 10 liter vann)<\/p>\n<p>Forpakningsst\u00f8rrelse: 1000ml<\/p>","protected":false},"featured_media":17157,"comment_status":"open","ping_status":"closed","template":"","meta":[],"product_brand":[],"product_cat":[256,91],"product_tag":[],"class_list":{"0":"post-15720","1":"product","2":"type-product","3":"status-publish","4":"has-post-thumbnail","6":"product_cat-bryggeutstyr-heimabrygg","7":"product_cat-heimabrygg","9":"first","10":"instock","11":"taxable","12":"shipping-taxable","13":"purchasable","14":"product-type-simple"},"_links":{"self":[{"href":"https:\/\/vossgass.no\/en\/wp-json\/wp\/v2\/product\/15720","targetHints":{"allow":["GET"]}}],"collection":[{"href":"https:\/\/vossgass.no\/en\/wp-json\/wp\/v2\/product"}],"about":[{"href":"https:\/\/vossgass.no\/en\/wp-json\/wp\/v2\/types\/product"}],"replies":[{"embeddable":true,"href":"https:\/\/vossgass.no\/en\/wp-json\/wp\/v2\/comments?post=15720"}],"wp:featuredmedia":[{"embeddable":true,"href":"https:\/\/vossgass.no\/en\/wp-json\/wp\/v2\/media\/17157"}],"wp:attachment":[{"href":"https:\/\/vossgass.no\/en\/wp-json\/wp\/v2\/media?parent=15720"}],"wp:term":[{"taxonomy":"product_brand","embeddable":true,"href":"https:\/\/vossgass.no\/en\/wp-json\/wp\/v2\/product_brand?post=15720"},{"taxonomy":"product_cat","embeddable":true,"href":"https:\/\/vossgass.no\/en\/wp-json\/wp\/v2\/product_cat?post=15720"},{"taxonomy":"product_tag","embeddable":true,"href":"https:\/\/vossgass.no\/en\/wp-json\/wp\/v2\/product_tag?post=15720"}],"curies":[{"name":"wp","href":"https:\/\/api.w.org\/{rel}","templated":true}]}}