{"id":15712,"date":"2025-04-15T18:02:42","date_gmt":"2025-04-15T16:02:42","guid":{"rendered":"https:\/\/vossgass.no\/produkt\/tradisjonelt-norsk-juleol-til-ca-20-l-ol\/"},"modified":"2026-02-25T12:29:17","modified_gmt":"2026-02-25T11:29:17","slug":"tradisjonelt-norsk-juleol-til-ca-20-l-ol","status":"publish","type":"product","link":"https:\/\/vossgass.no\/en\/product\/tradisjonelt-norsk-juleol-til-ca-20-l-ol\/","title":{"rendered":"Tradisjonelt Norsk Jule\u00f8l, til ca 20 l \u00f8l."},"content":{"rendered":"","protected":false},"excerpt":{"rendered":"<p>\u00d8lsettet Tradisjonelt Norsk Jule\u00f8l er et klassisk jule\u00f8l som oser av tradisjon. Deilig fylde og malts\u00f8dme som g\u00e5r til det meste av julematen s\u00e5 vel som til kakene.<\/p>\n<p>Stil: Klassisk Norsk Jule\u00f8l<br \/>\nAlkoholprosent: ca. 6,8%. Forventet OG: ca. 1.066. FG: ca 1.014<br \/>\nIBU: ca. 23 \u2013 moderat bitter. Farge: 35 EBC &#8211; kobberfarget<\/p>\n<p>Innholder knust malt:<\/p>\n<p>Malt: Munich Light, Pilsner, Melano, Chocolat<br \/>\nHumle: Magnum og Perle<br \/>\nGj\u00e6r: Fermentis Diamond Lager\/W-34\/70<\/p>\n<p>Meskes p\u00e5 67\u00b0C i 60 minutter. Kokes i 60 minutter. Humlen tilsettes i henhold til beskrivelse p\u00e5 humleposene.<br \/>\nGj\u00e6res p\u00e5 ca. 11\u00b0C.<\/p>\n<p>Tilsett 6g sukker pr liter \u00f8l n\u00e5r \u00f8let settes p\u00e5 flaske, og la karbonere ved 20-28\u00b0C i ca 14 dager f\u00f8r settes kj\u00f8lig.<br \/>\nCO2 volum p\u00e5 fat: ca 2,5<\/p>","protected":false},"featured_media":17149,"comment_status":"open","ping_status":"closed","template":"","meta":[],"product_brand":[],"product_cat":[620,91,259],"product_tag":[],"class_list":{"0":"post-15712","1":"product","2":"type-product","3":"status-publish","4":"has-post-thumbnail","6":"product_cat-allgrain-sett","7":"product_cat-heimabrygg","8":"product_cat-ol-cidersett","10":"first","11":"instock","12":"taxable","13":"shipping-taxable","14":"purchasable","15":"product-type-simple"},"_links":{"self":[{"href":"https:\/\/vossgass.no\/en\/wp-json\/wp\/v2\/product\/15712","targetHints":{"allow":["GET"]}}],"collection":[{"href":"https:\/\/vossgass.no\/en\/wp-json\/wp\/v2\/product"}],"about":[{"href":"https:\/\/vossgass.no\/en\/wp-json\/wp\/v2\/types\/product"}],"replies":[{"embeddable":true,"href":"https:\/\/vossgass.no\/en\/wp-json\/wp\/v2\/comments?post=15712"}],"wp:featuredmedia":[{"embeddable":true,"href":"https:\/\/vossgass.no\/en\/wp-json\/wp\/v2\/media\/17149"}],"wp:attachment":[{"href":"https:\/\/vossgass.no\/en\/wp-json\/wp\/v2\/media?parent=15712"}],"wp:term":[{"taxonomy":"product_brand","embeddable":true,"href":"https:\/\/vossgass.no\/en\/wp-json\/wp\/v2\/product_brand?post=15712"},{"taxonomy":"product_cat","embeddable":true,"href":"https:\/\/vossgass.no\/en\/wp-json\/wp\/v2\/product_cat?post=15712"},{"taxonomy":"product_tag","embeddable":true,"href":"https:\/\/vossgass.no\/en\/wp-json\/wp\/v2\/product_tag?post=15712"}],"curies":[{"name":"wp","href":"https:\/\/api.w.org\/{rel}","templated":true}]}}