{"id":15708,"date":"2025-04-15T18:02:19","date_gmt":"2025-04-15T16:02:19","guid":{"rendered":"https:\/\/vossgass.no\/produkt\/sorbitol-70-flytende-sotningsmiddel\/"},"modified":"2026-02-25T12:37:11","modified_gmt":"2026-02-25T11:37:11","slug":"sorbitol-70-flytende-sotningsmiddel","status":"publish","type":"product","link":"https:\/\/vossgass.no\/en\/product\/sorbitol-70-flytende-sotningsmiddel\/","title":{"rendered":"Sorbitol 70%, Flytende s\u00f8tningsmiddel"},"content":{"rendered":"","protected":false},"excerpt":{"rendered":"<p>Sorbitol er et flytende s\u00f8tningsmiddel som ikke er gj\u00e6rbart.<br \/>\nDette er optimalt \u00e5 bruke n\u00e5r man ikke \u00f8nsker at gj\u00e6ren skal omdanne s\u00f8tningen til alkohol. <\/p>","protected":false},"featured_media":17145,"comment_status":"open","ping_status":"closed","template":"","meta":[],"product_brand":[],"product_cat":[91,149],"product_tag":[],"class_list":{"0":"post-15708","1":"product","2":"type-product","3":"status-publish","4":"has-post-thumbnail","6":"product_cat-heimabrygg","7":"product_cat-ravarer","9":"first","10":"instock","11":"taxable","12":"shipping-taxable","13":"purchasable","14":"product-type-simple"},"_links":{"self":[{"href":"https:\/\/vossgass.no\/en\/wp-json\/wp\/v2\/product\/15708","targetHints":{"allow":["GET"]}}],"collection":[{"href":"https:\/\/vossgass.no\/en\/wp-json\/wp\/v2\/product"}],"about":[{"href":"https:\/\/vossgass.no\/en\/wp-json\/wp\/v2\/types\/product"}],"replies":[{"embeddable":true,"href":"https:\/\/vossgass.no\/en\/wp-json\/wp\/v2\/comments?post=15708"}],"wp:featuredmedia":[{"embeddable":true,"href":"https:\/\/vossgass.no\/en\/wp-json\/wp\/v2\/media\/17145"}],"wp:attachment":[{"href":"https:\/\/vossgass.no\/en\/wp-json\/wp\/v2\/media?parent=15708"}],"wp:term":[{"taxonomy":"product_brand","embeddable":true,"href":"https:\/\/vossgass.no\/en\/wp-json\/wp\/v2\/product_brand?post=15708"},{"taxonomy":"product_cat","embeddable":true,"href":"https:\/\/vossgass.no\/en\/wp-json\/wp\/v2\/product_cat?post=15708"},{"taxonomy":"product_tag","embeddable":true,"href":"https:\/\/vossgass.no\/en\/wp-json\/wp\/v2\/product_tag?post=15708"}],"curies":[{"name":"wp","href":"https:\/\/api.w.org\/{rel}","templated":true}]}}