{"id":15699,"date":"2025-04-15T18:00:53","date_gmt":"2025-04-15T16:00:53","guid":{"rendered":"https:\/\/vossgass.no\/produkt\/fwk-svaberg-ipa-fresh-wort-kit\/"},"modified":"2026-03-20T16:33:52","modified_gmt":"2026-03-20T15:33:52","slug":"fwk-svaberg-ipa-fresh-wort-kit","status":"publish","type":"product","link":"https:\/\/vossgass.no\/en\/product\/fwk-svaberg-ipa-fresh-wort-kit\/","title":{"rendered":"FWK Svaberg IPA Fresh Wort Kit"},"content":{"rendered":"","protected":false},"excerpt":{"rendered":"<p>FRESH WORT KIT! &#8211; Til deg som vil brygge godt \u00f8l, men ikke har tid eller plass til allgrain brygging.<br \/>\nVi har n\u00e5 gleden av \u00e5 presentere en helt ny serie med produkter for det norske markedet. Her har vi kort forklart brygget \u00f8lsettet for deg, slik at du kun trenger \u00e5 gj\u00e6re og tappe \u00f8let.<\/p>\n<p>Svaberg IPA Fresh Wort Kit<br \/>\nBestselgeren Svaberg IPA er en lys og lettdrikkelig amerikansk IPA, best\u00e5ende av bryggmesternes favoritthumler CItra og Mosaic. Dette gir et fantastisk citruspreg med tilh\u00f8rende aroma av mango, papaya og ananas. En sikker vinner p\u00e5 svaberget en sen sommerkveld!<\/p>\n<p>Stil: Amerikansk IPA<\/p>\n<p>Alkoholprosent: ca. 6,5%.<br \/>\nIBU: ca. 60 \u2013 Bitter. Farge: 17 EBC &#8211; Ravfarget<\/p>\n<p>Inneholder ferdig brygget v\u00f8rter for 20 liter \u00f8l<\/p>\n<p>Instruks:<\/p>\n<p>Hell v\u00f8rter over i gj\u00e6ringskaret ditt<br \/>\nTopp opp med rent vann til 20 liter totalt volum.<br \/>\nTilsett gj\u00e6r<br \/>\nSett p\u00e5 lokk og gj\u00e6rl\u00e5s<br \/>\nF\u00f8lg den medf\u00f8lgende veiledningen med tanke p\u00e5 anbefalt gj\u00e6ringstemperatur<br \/>\nInkludert:<br \/>\nGj\u00e6r: Lallemand LalBrew BRY-97 American West Coast<br \/>\nT\u00f8rrhumle: Citra og Mosaic<\/p>\n<p>Gj\u00e6res p\u00e5 ca. 20\u00b0C. T\u00f8rrhumle tilsettes i henhold til beskrivelse p\u00e5 humleposene.<\/p>\n<p>Tilsett 6g sukker pr liter \u00f8l n\u00e5r \u00f8let settes p\u00e5 flaske, og la karbonere ved 20-28\u00b0C i ca 14 dager f\u00f8r settes kj\u00f8lig.<br \/>\nCO2 volum p\u00e5 fat: ca 2,5<\/p>","protected":false},"featured_media":17136,"comment_status":"open","ping_status":"closed","template":"","meta":[],"product_brand":[],"product_cat":[621,91,259],"product_tag":[],"class_list":{"0":"post-15699","1":"product","2":"type-product","3":"status-publish","4":"has-post-thumbnail","6":"product_cat-fresh-wort-sett-fwk","7":"product_cat-heimabrygg","8":"product_cat-ol-cidersett","9":"product_shipping_class-kan-ikke-sendes","11":"first","12":"instock","13":"taxable","14":"shipping-taxable","15":"purchasable","16":"product-type-simple"},"_links":{"self":[{"href":"https:\/\/vossgass.no\/en\/wp-json\/wp\/v2\/product\/15699","targetHints":{"allow":["GET"]}}],"collection":[{"href":"https:\/\/vossgass.no\/en\/wp-json\/wp\/v2\/product"}],"about":[{"href":"https:\/\/vossgass.no\/en\/wp-json\/wp\/v2\/types\/product"}],"replies":[{"embeddable":true,"href":"https:\/\/vossgass.no\/en\/wp-json\/wp\/v2\/comments?post=15699"}],"wp:featuredmedia":[{"embeddable":true,"href":"https:\/\/vossgass.no\/en\/wp-json\/wp\/v2\/media\/17136"}],"wp:attachment":[{"href":"https:\/\/vossgass.no\/en\/wp-json\/wp\/v2\/media?parent=15699"}],"wp:term":[{"taxonomy":"product_brand","embeddable":true,"href":"https:\/\/vossgass.no\/en\/wp-json\/wp\/v2\/product_brand?post=15699"},{"taxonomy":"product_cat","embeddable":true,"href":"https:\/\/vossgass.no\/en\/wp-json\/wp\/v2\/product_cat?post=15699"},{"taxonomy":"product_tag","embeddable":true,"href":"https:\/\/vossgass.no\/en\/wp-json\/wp\/v2\/product_tag?post=15699"}],"curies":[{"name":"wp","href":"https:\/\/api.w.org\/{rel}","templated":true}]}}