{"id":15695,"date":"2025-04-15T18:00:25","date_gmt":"2025-04-15T16:00:25","guid":{"rendered":"https:\/\/vossgass.no\/produkt\/oxebar-hydra-tapping-head-kit\/"},"modified":"2026-02-25T14:54:03","modified_gmt":"2026-02-25T13:54:03","slug":"oxebar-hydra-tapping-head-kit","status":"publish","type":"product","link":"https:\/\/vossgass.no\/en\/product\/oxebar-hydra-tapping-head-kit\/","title":{"rendered":"Oxebar Hydra Tapping Head Kit"},"content":{"rendered":"","protected":false},"excerpt":{"rendered":"<p>Tappehode til Oxebar Polymer Kegs fra Kegland. Med dette settet gj\u00f8r man om Oxebar fatet til et fullverdig serveringsfat, med ball lock tilkoblinger, overtrykksventil(2,5bar) og dyppslange med filter inkludert!<\/p>\n<p>Oxebar Mono fra Kegland er et lett og rimelig fat i plast. Dette er perfekt for deg som er p\u00e5 jakt etter en rimelig og praktisk m\u00e5te \u00e5 oppbevare \u00f8let, og fortsatt beholde de gode egenskapene med \u00e5 ha \u00f8l p\u00e5 fat. Polymer-blandingen som er brukt til \u00e5 produsere disse har en oksygen og CO2 barriere som er 3 ganger bedre enn i vanlige brusflasker. Dette gj\u00f8r Oxebar perfekt til \u00e5 ta med \u00f8l til venner eller p\u00e5 hytta!<\/p>","protected":false},"featured_media":17132,"comment_status":"open","ping_status":"closed","template":"","meta":[],"product_brand":[],"product_cat":[256,91],"product_tag":[],"class_list":{"0":"post-15695","1":"product","2":"type-product","3":"status-publish","4":"has-post-thumbnail","6":"product_cat-bryggeutstyr-heimabrygg","7":"product_cat-heimabrygg","9":"first","10":"instock","11":"taxable","12":"shipping-taxable","13":"purchasable","14":"product-type-simple"},"_links":{"self":[{"href":"https:\/\/vossgass.no\/en\/wp-json\/wp\/v2\/product\/15695","targetHints":{"allow":["GET"]}}],"collection":[{"href":"https:\/\/vossgass.no\/en\/wp-json\/wp\/v2\/product"}],"about":[{"href":"https:\/\/vossgass.no\/en\/wp-json\/wp\/v2\/types\/product"}],"replies":[{"embeddable":true,"href":"https:\/\/vossgass.no\/en\/wp-json\/wp\/v2\/comments?post=15695"}],"wp:featuredmedia":[{"embeddable":true,"href":"https:\/\/vossgass.no\/en\/wp-json\/wp\/v2\/media\/17132"}],"wp:attachment":[{"href":"https:\/\/vossgass.no\/en\/wp-json\/wp\/v2\/media?parent=15695"}],"wp:term":[{"taxonomy":"product_brand","embeddable":true,"href":"https:\/\/vossgass.no\/en\/wp-json\/wp\/v2\/product_brand?post=15695"},{"taxonomy":"product_cat","embeddable":true,"href":"https:\/\/vossgass.no\/en\/wp-json\/wp\/v2\/product_cat?post=15695"},{"taxonomy":"product_tag","embeddable":true,"href":"https:\/\/vossgass.no\/en\/wp-json\/wp\/v2\/product_tag?post=15695"}],"curies":[{"name":"wp","href":"https:\/\/api.w.org\/{rel}","templated":true}]}}