{"id":15693,"date":"2025-04-15T18:00:14","date_gmt":"2025-04-15T16:00:14","guid":{"rendered":"https:\/\/vossgass.no\/produkt\/fat-oxebar-8l-mini-keg\/"},"modified":"2026-04-15T10:32:39","modified_gmt":"2026-04-15T08:32:39","slug":"fat-oxebar-8l-mini-keg","status":"publish","type":"product","link":"https:\/\/vossgass.no\/en\/product\/fat-oxebar-8l-mini-keg\/","title":{"rendered":"Fat Oxebar 8L mini keg"},"content":{"rendered":"","protected":false},"excerpt":{"rendered":"<p>Oxebar Mono fra Kegland er et lett og h\u00e5ndterbart fat med kapasitet p\u00e5 8 liter.<br \/>\nDette er perfekt for deg som er p\u00e5 jakt etter en rimelig og praktisk m\u00e5te \u00e5 oppbevare \u00f8let, og fortsatt beholde de gode egenskapene med \u00e5 ha \u00f8l p\u00e5 fat.<br \/>\nPolymer-blandingen som er brukt til \u00e5 produsere disse har en oksygen og CO2 barriere som er 3 ganger bedre enn i vanlige brusflasker. Dette gj\u00f8r Oxebar perfekt til \u00e5 ta med \u00f8l til venner eller p\u00e5 hytta!<\/p>\n<p>Oxebar kommer levert med PCO38 skrukork og plasth\u00e5ndtak. For \u00e5 kunne overf\u00f8re\/servere med tappeutstyr trenger man i tillegg Oxebar Hydra Tapping Head Kit. Da f\u00e5r man med ball lock tilkoblinger, overtrykksventil og dyppslange med filter, noe som gj\u00f8r Oxebar til et fullverdig serveringsfat!<\/p>\n<p>NB! Fatet m\u00e5 ikke trykksettes med mer en 4 bar\/58psi.<br \/>\nVi anbefaler ikke \u00e5 lagre \u00f8let p\u00e5 dette fatet lengre en 6 mnd.<br \/>\nT\u00e5ler ikke temperatur over 45\u00b0C<\/p>\n<p>Merk at fatene kan komme levert med sm\u00e5 bulker fra transport. Dette er uproblematisk ettersom det er designet med nok fleksibilitet for \u00e5 t\u00e5le dette. Det vil ganske enkelt rette seg ut ved trykksetting.<\/p>\n<p>St\u00f8rrelse:<br \/>\nDiameter: 155mm<br \/>\nH\u00f8yde: 520mm<\/p>","protected":false},"featured_media":17130,"comment_status":"open","ping_status":"closed","template":"","meta":[],"product_brand":[],"product_cat":[256,91],"product_tag":[],"class_list":{"0":"post-15693","1":"product","2":"type-product","3":"status-publish","4":"has-post-thumbnail","6":"product_cat-bryggeutstyr-heimabrygg","7":"product_cat-heimabrygg","9":"first","10":"instock","11":"taxable","12":"shipping-taxable","13":"purchasable","14":"product-type-simple"},"_links":{"self":[{"href":"https:\/\/vossgass.no\/en\/wp-json\/wp\/v2\/product\/15693","targetHints":{"allow":["GET"]}}],"collection":[{"href":"https:\/\/vossgass.no\/en\/wp-json\/wp\/v2\/product"}],"about":[{"href":"https:\/\/vossgass.no\/en\/wp-json\/wp\/v2\/types\/product"}],"replies":[{"embeddable":true,"href":"https:\/\/vossgass.no\/en\/wp-json\/wp\/v2\/comments?post=15693"}],"wp:featuredmedia":[{"embeddable":true,"href":"https:\/\/vossgass.no\/en\/wp-json\/wp\/v2\/media\/17130"}],"wp:attachment":[{"href":"https:\/\/vossgass.no\/en\/wp-json\/wp\/v2\/media?parent=15693"}],"wp:term":[{"taxonomy":"product_brand","embeddable":true,"href":"https:\/\/vossgass.no\/en\/wp-json\/wp\/v2\/product_brand?post=15693"},{"taxonomy":"product_cat","embeddable":true,"href":"https:\/\/vossgass.no\/en\/wp-json\/wp\/v2\/product_cat?post=15693"},{"taxonomy":"product_tag","embeddable":true,"href":"https:\/\/vossgass.no\/en\/wp-json\/wp\/v2\/product_tag?post=15693"}],"curies":[{"name":"wp","href":"https:\/\/api.w.org\/{rel}","templated":true}]}}