{"id":15686,"date":"2025-04-15T17:59:25","date_gmt":"2025-04-15T15:59:25","guid":{"rendered":"https:\/\/vossgass.no\/produkt\/pet-ball-lock-line-cleaning-kit-genial-til-tappelinje\/"},"modified":"2026-04-01T22:44:12","modified_gmt":"2026-04-01T20:44:12","slug":"pet-ball-lock-line-cleaning-kit-genial-til-tappelinje","status":"publish","type":"product","link":"https:\/\/vossgass.no\/en\/product\/pet-ball-lock-line-cleaning-kit-genial-til-tappelinje\/","title":{"rendered":"PET Ball Lock line cleaning kit. Genial til tappelinje."},"content":{"rendered":"","protected":false},"excerpt":{"rendered":"<p>Ball lock Line Cleaning Kit &#8211; Bruk en vanlig brusflaske til \u00e5 vaske tappelinja!<\/p>\n<p>Med dette settet kan man superenkelt rengj\u00f8re tappelinjer, overf\u00f8ringsslanger og lignende uten \u00e5 m\u00e5tte bruke CO2 for \u00e5 drive rengj\u00f8ringsmiddelet gjennom delene! Fyll flasken med vaskemiddel og trykk noen ganger p\u00e5 den lille pumpen, s\u00e5 har man mer enn nok trykk i flasken til \u00e5 kj\u00f8re vaskemiddelet gjennom tappelinja.<\/p>\n<p>Kan ogs\u00e5 brukes som mini-keg uten CO2. Dette fungerer fint s\u00e5 lenge innholdet drikkes samme dag!<\/p>\n<p>Settet inneholder ball lock tilkobling, h\u00e5ndpumpe, t-stykke og en slangebit p\u00e5 30cm. Passer p\u00e5 vanlig brusflaske.<\/p>\n<p>OBS: Ved bruk av vanlig PET flaske til rengj\u00f8ring anbefaler vi en temperatur p\u00e5 max 30\u00b0C. Dette vil v\u00e6re nok til \u00e5 aktivere PBW og lignende rengj\u00f8ringsmidler. La vaskemiddelet virke i opptil 20 minutter, skyll deretter grundig med rent vann og desinfiserende middel.<br \/>\nFlasken og tilkoblingene b\u00f8r ikke st\u00e5 med rengj\u00f8ringsmiddel i seg over tid. Skyll godt etter bruk.<\/p>","protected":false},"featured_media":17123,"comment_status":"open","ping_status":"closed","template":"","meta":[],"product_brand":[],"product_cat":[257,91],"product_tag":[],"class_list":{"0":"post-15686","1":"product","2":"type-product","3":"status-publish","4":"has-post-thumbnail","6":"product_cat-gjaering-heimabrygg","7":"product_cat-heimabrygg","9":"first","10":"instock","11":"taxable","12":"shipping-taxable","13":"purchasable","14":"product-type-simple"},"_links":{"self":[{"href":"https:\/\/vossgass.no\/en\/wp-json\/wp\/v2\/product\/15686","targetHints":{"allow":["GET"]}}],"collection":[{"href":"https:\/\/vossgass.no\/en\/wp-json\/wp\/v2\/product"}],"about":[{"href":"https:\/\/vossgass.no\/en\/wp-json\/wp\/v2\/types\/product"}],"replies":[{"embeddable":true,"href":"https:\/\/vossgass.no\/en\/wp-json\/wp\/v2\/comments?post=15686"}],"wp:featuredmedia":[{"embeddable":true,"href":"https:\/\/vossgass.no\/en\/wp-json\/wp\/v2\/media\/17123"}],"wp:attachment":[{"href":"https:\/\/vossgass.no\/en\/wp-json\/wp\/v2\/media?parent=15686"}],"wp:term":[{"taxonomy":"product_brand","embeddable":true,"href":"https:\/\/vossgass.no\/en\/wp-json\/wp\/v2\/product_brand?post=15686"},{"taxonomy":"product_cat","embeddable":true,"href":"https:\/\/vossgass.no\/en\/wp-json\/wp\/v2\/product_cat?post=15686"},{"taxonomy":"product_tag","embeddable":true,"href":"https:\/\/vossgass.no\/en\/wp-json\/wp\/v2\/product_tag?post=15686"}],"curies":[{"name":"wp","href":"https:\/\/api.w.org\/{rel}","templated":true}]}}