{"id":15683,"date":"2025-04-15T17:58:55","date_gmt":"2025-04-15T15:58:55","guid":{"rendered":"https:\/\/vossgass.no\/produkt\/slangesokkel-8mm-ror-og-10mm-slange-veggfeste\/"},"modified":"2026-04-10T10:18:14","modified_gmt":"2026-04-10T08:18:14","slug":"slangesokkel-8mm-ror-og-10mm-slange-veggfeste","status":"publish","type":"product","link":"https:\/\/vossgass.no\/en\/product\/slangesokkel-8mm-ror-og-10mm-slange-veggfeste\/","title":{"rendered":"Slangesokkel 8mm R\u00f8r og 10mm Slange Veggfeste"},"content":{"rendered":"","protected":false},"excerpt":{"rendered":"<p>Skarvkoppling i m\u00e4ssing f\u00f6r \u00d8 8 mm gasolr\u00f6r och \u00d8 10 mm gasolslang.<\/p>\n<p>F\u00f6r fast montering.<\/p>","protected":false},"featured_media":17120,"comment_status":"open","ping_status":"closed","template":"","meta":[],"product_brand":[],"product_cat":[318,319,631],"product_tag":[],"class_list":{"0":"post-15683","1":"product","2":"type-product","3":"status-publish","4":"has-post-thumbnail","6":"product_cat-gass-og-gassutstyr","7":"product_cat-slanger-ror-fittings-gass-gassutstyr","8":"product_cat-slangesokkel","10":"first","11":"instock","12":"taxable","13":"shipping-taxable","14":"purchasable","15":"product-type-simple"},"_links":{"self":[{"href":"https:\/\/vossgass.no\/en\/wp-json\/wp\/v2\/product\/15683","targetHints":{"allow":["GET"]}}],"collection":[{"href":"https:\/\/vossgass.no\/en\/wp-json\/wp\/v2\/product"}],"about":[{"href":"https:\/\/vossgass.no\/en\/wp-json\/wp\/v2\/types\/product"}],"replies":[{"embeddable":true,"href":"https:\/\/vossgass.no\/en\/wp-json\/wp\/v2\/comments?post=15683"}],"wp:featuredmedia":[{"embeddable":true,"href":"https:\/\/vossgass.no\/en\/wp-json\/wp\/v2\/media\/17120"}],"wp:attachment":[{"href":"https:\/\/vossgass.no\/en\/wp-json\/wp\/v2\/media?parent=15683"}],"wp:term":[{"taxonomy":"product_brand","embeddable":true,"href":"https:\/\/vossgass.no\/en\/wp-json\/wp\/v2\/product_brand?post=15683"},{"taxonomy":"product_cat","embeddable":true,"href":"https:\/\/vossgass.no\/en\/wp-json\/wp\/v2\/product_cat?post=15683"},{"taxonomy":"product_tag","embeddable":true,"href":"https:\/\/vossgass.no\/en\/wp-json\/wp\/v2\/product_tag?post=15683"}],"curies":[{"name":"wp","href":"https:\/\/api.w.org\/{rel}","templated":true}]}}