{"id":15679,"date":"2025-04-15T17:58:01","date_gmt":"2025-04-15T15:58:01","guid":{"rendered":"https:\/\/vossgass.no\/produkt\/koketopp-frittstaende-2-bluss-parker\/"},"modified":"2025-10-06T11:29:33","modified_gmt":"2025-10-06T09:29:33","slug":"koketopp-frittstaende-2-bluss-parker","status":"publish","type":"product","link":"https:\/\/vossgass.no\/en\/product\/koketopp-frittstaende-2-bluss-parker\/","title":{"rendered":"Koketopp frittst\u00e5ende 2 bluss, Parker."},"content":{"rendered":"","protected":false},"excerpt":{"rendered":"<p>Enkelt \u00e5 sette p\u00e5 plass, enkelt \u00e5 flytte p\u00e5. Gassbluss: 1x1500W, 1x2000W (wokbluss).<br \/>\nRegulator og slange er ikke med i pakken.<\/p>","protected":false},"featured_media":17116,"comment_status":"open","ping_status":"closed","template":"","meta":[],"product_brand":[],"product_cat":[260,292],"product_tag":[],"class_list":{"0":"post-15679","1":"product","2":"type-product","3":"status-publish","4":"has-post-thumbnail","6":"product_cat-hytte-camping-fritid","7":"product_cat-kjokken-gass","9":"first","10":"outofstock","11":"taxable","12":"shipping-taxable","13":"purchasable","14":"product-type-simple"},"_links":{"self":[{"href":"https:\/\/vossgass.no\/en\/wp-json\/wp\/v2\/product\/15679","targetHints":{"allow":["GET"]}}],"collection":[{"href":"https:\/\/vossgass.no\/en\/wp-json\/wp\/v2\/product"}],"about":[{"href":"https:\/\/vossgass.no\/en\/wp-json\/wp\/v2\/types\/product"}],"replies":[{"embeddable":true,"href":"https:\/\/vossgass.no\/en\/wp-json\/wp\/v2\/comments?post=15679"}],"wp:featuredmedia":[{"embeddable":true,"href":"https:\/\/vossgass.no\/en\/wp-json\/wp\/v2\/media\/17116"}],"wp:attachment":[{"href":"https:\/\/vossgass.no\/en\/wp-json\/wp\/v2\/media?parent=15679"}],"wp:term":[{"taxonomy":"product_brand","embeddable":true,"href":"https:\/\/vossgass.no\/en\/wp-json\/wp\/v2\/product_brand?post=15679"},{"taxonomy":"product_cat","embeddable":true,"href":"https:\/\/vossgass.no\/en\/wp-json\/wp\/v2\/product_cat?post=15679"},{"taxonomy":"product_tag","embeddable":true,"href":"https:\/\/vossgass.no\/en\/wp-json\/wp\/v2\/product_tag?post=15679"}],"curies":[{"name":"wp","href":"https:\/\/api.w.org\/{rel}","templated":true}]}}