{"id":15677,"date":"2025-04-15T17:57:37","date_gmt":"2025-04-15T15:57:37","guid":{"rendered":"https:\/\/vossgass.no\/produkt\/lokk-til-vannpafylling\/"},"modified":"2026-03-31T13:43:23","modified_gmt":"2026-03-31T11:43:23","slug":"lokk-til-vannpafylling","status":"publish","type":"product","link":"https:\/\/vossgass.no\/en\/product\/lokk-til-vannpafylling\/","title":{"rendered":"Lokk til Vannp\u00e5fylling"},"content":{"rendered":"","protected":false},"excerpt":{"rendered":"<p>Vanntanklokk med tilkobling for \u00bd\u201d Gardenakobling.<br \/>\nPasser pluggbajonettl\u00e5s (\u00d8 77 mm).<br \/>\nInneholder ytterligere to komponenter som gj\u00f8r at man kan benytte lokket p\u00e5 campingvogner som har vannp\u00e5fyllinger med mindre lokk f.eks. Dethleffs, LMC, TEC bygd fra 2010 og senere (\u00d8 67 mm) eller andre leverand\u00f8rer som benytter samme lokk.<\/p>","protected":false},"featured_media":17114,"comment_status":"open","ping_status":"closed","template":"","meta":[],"product_brand":[],"product_cat":[630,260],"product_tag":[],"class_list":{"0":"post-15677","1":"product","2":"type-product","3":"status-publish","4":"has-post-thumbnail","6":"product_cat-camping-bobilutsyr","7":"product_cat-hytte-camping-fritid","9":"first","10":"outofstock","11":"taxable","12":"shipping-taxable","13":"purchasable","14":"product-type-simple"},"_links":{"self":[{"href":"https:\/\/vossgass.no\/en\/wp-json\/wp\/v2\/product\/15677","targetHints":{"allow":["GET"]}}],"collection":[{"href":"https:\/\/vossgass.no\/en\/wp-json\/wp\/v2\/product"}],"about":[{"href":"https:\/\/vossgass.no\/en\/wp-json\/wp\/v2\/types\/product"}],"replies":[{"embeddable":true,"href":"https:\/\/vossgass.no\/en\/wp-json\/wp\/v2\/comments?post=15677"}],"wp:featuredmedia":[{"embeddable":true,"href":"https:\/\/vossgass.no\/en\/wp-json\/wp\/v2\/media\/17114"}],"wp:attachment":[{"href":"https:\/\/vossgass.no\/en\/wp-json\/wp\/v2\/media?parent=15677"}],"wp:term":[{"taxonomy":"product_brand","embeddable":true,"href":"https:\/\/vossgass.no\/en\/wp-json\/wp\/v2\/product_brand?post=15677"},{"taxonomy":"product_cat","embeddable":true,"href":"https:\/\/vossgass.no\/en\/wp-json\/wp\/v2\/product_cat?post=15677"},{"taxonomy":"product_tag","embeddable":true,"href":"https:\/\/vossgass.no\/en\/wp-json\/wp\/v2\/product_tag?post=15677"}],"curies":[{"name":"wp","href":"https:\/\/api.w.org\/{rel}","templated":true}]}}