{"id":15669,"date":"2025-04-15T17:56:01","date_gmt":"2025-04-15T15:56:01","guid":{"rendered":"https:\/\/vossgass.no\/produkt\/gasslange-g12-din477-caravan-med-slangebruddsventil\/"},"modified":"2026-02-26T13:12:02","modified_gmt":"2026-02-26T12:12:02","slug":"gasslange-g12-din477-caravan-med-slangebruddsventil","status":"publish","type":"product","link":"https:\/\/vossgass.no\/en\/product\/gasslange-g12-din477-caravan-med-slangebruddsventil\/","title":{"rendered":"Gasslange G12 DIN477 Caravan med slangebruddsventil"},"content":{"rendered":"","protected":false},"excerpt":{"rendered":"<p>H\u00f8ytrykkslange til vanlige gass omskiftere og for eksempel DuoControl. For \u00e5 kunne kj\u00f8re lovlig i EU med din omskifter eller DuoControl, skal det v\u00e6re slangebruddssikring p\u00e5 din gasslange.<\/p>\n<p>Slangebruddssikring<\/p>\n<p>Tilkobling inn: G12 &#8211; Tysk kobling<\/p>\n<p>Tilkobling ut: M20x1,5<\/p>\n<p>T\u00e5ler h\u00f8ytrykk<br \/>\nLengde: 45 cm<\/p>","protected":false},"featured_media":18866,"comment_status":"open","ping_status":"closed","template":"","meta":[],"product_brand":[],"product_cat":[318,634,319],"product_tag":[],"class_list":{"0":"post-15669","1":"product","2":"type-product","3":"status-publish","4":"has-post-thumbnail","6":"product_cat-gass-og-gassutstyr","7":"product_cat-propanslanger","8":"product_cat-slanger-ror-fittings-gass-gassutstyr","10":"first","11":"instock","12":"taxable","13":"shipping-taxable","14":"purchasable","15":"product-type-simple"},"_links":{"self":[{"href":"https:\/\/vossgass.no\/en\/wp-json\/wp\/v2\/product\/15669","targetHints":{"allow":["GET"]}}],"collection":[{"href":"https:\/\/vossgass.no\/en\/wp-json\/wp\/v2\/product"}],"about":[{"href":"https:\/\/vossgass.no\/en\/wp-json\/wp\/v2\/types\/product"}],"replies":[{"embeddable":true,"href":"https:\/\/vossgass.no\/en\/wp-json\/wp\/v2\/comments?post=15669"}],"wp:featuredmedia":[{"embeddable":true,"href":"https:\/\/vossgass.no\/en\/wp-json\/wp\/v2\/media\/18866"}],"wp:attachment":[{"href":"https:\/\/vossgass.no\/en\/wp-json\/wp\/v2\/media?parent=15669"}],"wp:term":[{"taxonomy":"product_brand","embeddable":true,"href":"https:\/\/vossgass.no\/en\/wp-json\/wp\/v2\/product_brand?post=15669"},{"taxonomy":"product_cat","embeddable":true,"href":"https:\/\/vossgass.no\/en\/wp-json\/wp\/v2\/product_cat?post=15669"},{"taxonomy":"product_tag","embeddable":true,"href":"https:\/\/vossgass.no\/en\/wp-json\/wp\/v2\/product_tag?post=15669"}],"curies":[{"name":"wp","href":"https:\/\/api.w.org\/{rel}","templated":true}]}}