{"id":15660,"date":"2025-04-15T17:54:27","date_gmt":"2025-04-15T15:54:27","guid":{"rendered":"https:\/\/vossgass.no\/produkt\/malesylinder-til-hydrometer-100-ml\/"},"modified":"2026-04-18T14:10:08","modified_gmt":"2026-04-18T12:10:08","slug":"malesylinder-til-hydrometer-100-ml","status":"publish","type":"product","link":"https:\/\/vossgass.no\/en\/product\/malesylinder-til-hydrometer-100-ml\/","title":{"rendered":"M\u00e5lesylinder til Hydrometer 100 ml"},"content":{"rendered":"","protected":false},"excerpt":{"rendered":"<p>M\u00e5lesylinder til bruk sammen med hydrometer for \u00e5 m\u00e5le OG og FG.<\/p>\n<p>Den lange og slanke formen gj\u00f8r at man trenger minimalt med v\u00e6ske for \u00e5 ta en m\u00e5ling.<br \/>\nSylinderet har m\u00e5lemerker p\u00e5 siden opp til 100ml.<\/p>\n<p>Laget av Polypropylene (PP) som t\u00e5ler kontakt med de fleste kjemikalier.<\/p>","protected":false},"featured_media":17097,"comment_status":"open","ping_status":"closed","template":"","meta":[],"product_brand":[],"product_cat":[256,91],"product_tag":[],"class_list":{"0":"post-15660","1":"product","2":"type-product","3":"status-publish","4":"has-post-thumbnail","6":"product_cat-bryggeutstyr-heimabrygg","7":"product_cat-heimabrygg","9":"first","10":"instock","11":"taxable","12":"shipping-taxable","13":"purchasable","14":"product-type-simple"},"_links":{"self":[{"href":"https:\/\/vossgass.no\/en\/wp-json\/wp\/v2\/product\/15660","targetHints":{"allow":["GET"]}}],"collection":[{"href":"https:\/\/vossgass.no\/en\/wp-json\/wp\/v2\/product"}],"about":[{"href":"https:\/\/vossgass.no\/en\/wp-json\/wp\/v2\/types\/product"}],"replies":[{"embeddable":true,"href":"https:\/\/vossgass.no\/en\/wp-json\/wp\/v2\/comments?post=15660"}],"wp:featuredmedia":[{"embeddable":true,"href":"https:\/\/vossgass.no\/en\/wp-json\/wp\/v2\/media\/17097"}],"wp:attachment":[{"href":"https:\/\/vossgass.no\/en\/wp-json\/wp\/v2\/media?parent=15660"}],"wp:term":[{"taxonomy":"product_brand","embeddable":true,"href":"https:\/\/vossgass.no\/en\/wp-json\/wp\/v2\/product_brand?post=15660"},{"taxonomy":"product_cat","embeddable":true,"href":"https:\/\/vossgass.no\/en\/wp-json\/wp\/v2\/product_cat?post=15660"},{"taxonomy":"product_tag","embeddable":true,"href":"https:\/\/vossgass.no\/en\/wp-json\/wp\/v2\/product_tag?post=15660"}],"curies":[{"name":"wp","href":"https:\/\/api.w.org\/{rel}","templated":true}]}}