{"id":15659,"date":"2025-04-15T17:54:22","date_gmt":"2025-04-15T15:54:22","guid":{"rendered":"https:\/\/vossgass.no\/produkt\/hydrometer-for-ol-vin-og-cider-sg-0-980-1-150\/"},"modified":"2026-03-28T14:52:21","modified_gmt":"2026-03-28T13:52:21","slug":"hydrometer-for-ol-vin-og-cider-sg-0-980-1-150","status":"publish","type":"product","link":"https:\/\/vossgass.no\/en\/product\/hydrometer-for-ol-vin-og-cider-sg-0-980-1-150\/","title":{"rendered":"Hydrometer for \u00f8l, vin og cider, SG 0.980-1.150"},"content":{"rendered":"","protected":false},"excerpt":{"rendered":"<p>Dette hydrometeret kan m\u00e5le sukkerinnhold helt opptil 1150!<\/p>\n<p>Hydrometer brukes for \u00e5 m\u00e5le sukkerinnhold f\u00f8r og etter gj\u00e6ring. P\u00e5 denne m\u00e5ten kan en regne seg fram til alkoholprosenten som \u00f8let f\u00e5r. <\/p>\n<p>Alle hjemmebryggere er ogs\u00e5 interessert i \u00e5 se hvor mye sukker en klarer \u00e5 f\u00e5 ut av malten\/mesken. Alle \u00f8nsker best mulig utbytte (mest mulig sukker). Og det er enten med hydrometer, eller med refraktometer en m\u00e5ler dette. <\/p>\n<p>Hydrometer for m\u00e5ling av OG og FG p\u00e5 \u00f8l. Hydrometeret kan ogs\u00e5 brukes til cider og vin.<\/p>\n<p>Eksempel p\u00e5 fremgangsm\u00e5te for utregning av alkoholinnhold:<\/p>\n<p>(OG &#8211; FG) x 131.25 = ABV %<\/p>\n<p>OG = Original Gravity, alts\u00e5 avlesning f\u00f8r gj\u00e6ring har startet.<br \/>\nFG = Final Gravity, avlesning etter at gj\u00e6ring er ferdig.<\/p>\n<p>Eksempel med en OG p\u00e5 1.050 og FG p\u00e5 1.010:<\/p>\n<p>1050 &#8211; 1010 x 131,25 = 5,25%<\/p>","protected":false},"featured_media":17096,"comment_status":"open","ping_status":"closed","template":"","meta":[],"product_brand":[],"product_cat":[256,91],"product_tag":[],"class_list":{"0":"post-15659","1":"product","2":"type-product","3":"status-publish","4":"has-post-thumbnail","6":"product_cat-bryggeutstyr-heimabrygg","7":"product_cat-heimabrygg","9":"first","10":"instock","11":"taxable","12":"shipping-taxable","13":"purchasable","14":"product-type-simple"},"_links":{"self":[{"href":"https:\/\/vossgass.no\/en\/wp-json\/wp\/v2\/product\/15659","targetHints":{"allow":["GET"]}}],"collection":[{"href":"https:\/\/vossgass.no\/en\/wp-json\/wp\/v2\/product"}],"about":[{"href":"https:\/\/vossgass.no\/en\/wp-json\/wp\/v2\/types\/product"}],"replies":[{"embeddable":true,"href":"https:\/\/vossgass.no\/en\/wp-json\/wp\/v2\/comments?post=15659"}],"wp:featuredmedia":[{"embeddable":true,"href":"https:\/\/vossgass.no\/en\/wp-json\/wp\/v2\/media\/17096"}],"wp:attachment":[{"href":"https:\/\/vossgass.no\/en\/wp-json\/wp\/v2\/media?parent=15659"}],"wp:term":[{"taxonomy":"product_brand","embeddable":true,"href":"https:\/\/vossgass.no\/en\/wp-json\/wp\/v2\/product_brand?post=15659"},{"taxonomy":"product_cat","embeddable":true,"href":"https:\/\/vossgass.no\/en\/wp-json\/wp\/v2\/product_cat?post=15659"},{"taxonomy":"product_tag","embeddable":true,"href":"https:\/\/vossgass.no\/en\/wp-json\/wp\/v2\/product_tag?post=15659"}],"curies":[{"name":"wp","href":"https:\/\/api.w.org\/{rel}","templated":true}]}}