{"id":15645,"date":"2025-04-15T17:52:03","date_gmt":"2025-04-15T15:52:03","guid":{"rendered":"https:\/\/vossgass.no\/produkt\/slangebruddsventil-g10-pol\/"},"modified":"2026-04-08T13:50:22","modified_gmt":"2026-04-08T11:50:22","slug":"slangebruddsventil-g10-pol","status":"publish","type":"product","link":"https:\/\/vossgass.no\/en\/product\/slangebruddsventil-g10-pol\/","title":{"rendered":"Slangebruddsventil G10 POL"},"content":{"rendered":"","protected":false},"excerpt":{"rendered":"<p>Slangebruddsventil til for eksempel DuoControl og vanlige gass omskiftere. For \u00e5 kunne kj\u00f8re lovlig i EU med din DuoControl, skal det v\u00e6re slangebrudds sikring p\u00e5 din gass slange.<\/p>\n<p>Tilkobling inn: G10 POL<br \/>\nTilkobling ut: 3\/8&#8243;V<br \/>\nKun slangebruddsventil<\/p>","protected":false},"featured_media":17082,"comment_status":"open","ping_status":"closed","template":"","meta":[],"product_brand":[],"product_cat":[318,452,637],"product_tag":[],"class_list":{"0":"post-15645","1":"product","2":"type-product","3":"status-publish","4":"has-post-thumbnail","6":"product_cat-gass-og-gassutstyr","7":"product_cat-regulatorer-overganger","8":"product_cat-slangebruddsventiler-regulatorer-overganger","10":"first","11":"outofstock","12":"taxable","13":"shipping-taxable","14":"purchasable","15":"product-type-simple"},"_links":{"self":[{"href":"https:\/\/vossgass.no\/en\/wp-json\/wp\/v2\/product\/15645","targetHints":{"allow":["GET"]}}],"collection":[{"href":"https:\/\/vossgass.no\/en\/wp-json\/wp\/v2\/product"}],"about":[{"href":"https:\/\/vossgass.no\/en\/wp-json\/wp\/v2\/types\/product"}],"replies":[{"embeddable":true,"href":"https:\/\/vossgass.no\/en\/wp-json\/wp\/v2\/comments?post=15645"}],"wp:featuredmedia":[{"embeddable":true,"href":"https:\/\/vossgass.no\/en\/wp-json\/wp\/v2\/media\/17082"}],"wp:attachment":[{"href":"https:\/\/vossgass.no\/en\/wp-json\/wp\/v2\/media?parent=15645"}],"wp:term":[{"taxonomy":"product_brand","embeddable":true,"href":"https:\/\/vossgass.no\/en\/wp-json\/wp\/v2\/product_brand?post=15645"},{"taxonomy":"product_cat","embeddable":true,"href":"https:\/\/vossgass.no\/en\/wp-json\/wp\/v2\/product_cat?post=15645"},{"taxonomy":"product_tag","embeddable":true,"href":"https:\/\/vossgass.no\/en\/wp-json\/wp\/v2\/product_tag?post=15645"}],"curies":[{"name":"wp","href":"https:\/\/api.w.org\/{rel}","templated":true}]}}