{"id":15641,"date":"2025-04-15T17:51:13","date_gmt":"2025-04-15T15:51:13","guid":{"rendered":"https:\/\/vossgass.no\/produkt\/fwk-american-blonde-fresh-wort-kit\/"},"modified":"2026-04-17T14:43:07","modified_gmt":"2026-04-17T12:43:07","slug":"fwk-american-blonde-fresh-wort-kit","status":"publish","type":"product","link":"https:\/\/vossgass.no\/en\/product\/fwk-american-blonde-fresh-wort-kit\/","title":{"rendered":"FWK American Blonde Fresh Wort Kit"},"content":{"rendered":"","protected":false},"excerpt":{"rendered":"<p>FRESH WORT KIT! &#8211; Til deg som vil brygge godt \u00f8l, men ikke har tid eller plass til allgrain brygging.<br \/>\nVi har n\u00e5 gleden av \u00e5 presentere en helt ny serie med produkter for det norske markedet. Her har vi kort forklart brygget \u00f8lsettet for deg, slik at du kun trenger \u00e5 gj\u00e6re og tappe \u00f8let.<\/p>\n<p>American Blonde<br \/>\nDette er en lys og leskende \u00f8l med frisk smak fra pilsner og hvetemalt, og et fruktig\/sitrus innslag fra humlene Cascade og Citra. Et herlig \u00f8l til late sommerkvelder!<\/p>\n<p>Stil: Blonde Ale<\/p>\n<p>Alkoholprosent: ca. 5,6%.<br \/>\nIBU: ca. 17 \u2013 lite\/moderat bitter. Farge: 8 EBC &#8211; halmgul<\/p>\n<p>Inneholder ferdig brygget v\u00f8rter for 20 liter \u00f8l<\/p>\n<p>Instruks:<\/p>\n<p>Hell v\u00f8rter over i gj\u00e6ringskaret ditt<br \/>\nTopp opp med rent vann til 20 liter totalt volum.<br \/>\nTilsett gj\u00e6r<br \/>\nSett p\u00e5 lokk og gj\u00e6rl\u00e5s<br \/>\nF\u00f8lg den medf\u00f8lgende veiledningen med tanke p\u00e5 anbefalt gj\u00e6ringstemperatur<br \/>\nInkludert:<br \/>\nGj\u00e6r: Fermentis US-05<br \/>\nT\u00f8rrhumle: Citra<\/p>\n<p>Gj\u00e6res p\u00e5 ca. 20\u00b0C. T\u00f8rrhumle tilsettes i henhold til beskrivelse p\u00e5 humleposene.<\/p>\n<p>Tilsett 6g sukker pr liter \u00f8l n\u00e5r \u00f8let settes p\u00e5 flaske, og la karbonere ved 20-28\u00b0C i ca 14 dager f\u00f8r settes kj\u00f8lig.<br \/>\nCO2 volum p\u00e5 fat: ca 2,5<\/p>","protected":false},"featured_media":17078,"comment_status":"open","ping_status":"closed","template":"","meta":[],"product_brand":[],"product_cat":[621,91,259],"product_tag":[],"class_list":{"0":"post-15641","1":"product","2":"type-product","3":"status-publish","4":"has-post-thumbnail","6":"product_cat-fresh-wort-sett-fwk","7":"product_cat-heimabrygg","8":"product_cat-ol-cidersett","9":"product_shipping_class-kan-ikke-sendes","11":"first","12":"instock","13":"featured","14":"taxable","15":"shipping-taxable","16":"purchasable","17":"product-type-simple"},"_links":{"self":[{"href":"https:\/\/vossgass.no\/en\/wp-json\/wp\/v2\/product\/15641","targetHints":{"allow":["GET"]}}],"collection":[{"href":"https:\/\/vossgass.no\/en\/wp-json\/wp\/v2\/product"}],"about":[{"href":"https:\/\/vossgass.no\/en\/wp-json\/wp\/v2\/types\/product"}],"replies":[{"embeddable":true,"href":"https:\/\/vossgass.no\/en\/wp-json\/wp\/v2\/comments?post=15641"}],"wp:featuredmedia":[{"embeddable":true,"href":"https:\/\/vossgass.no\/en\/wp-json\/wp\/v2\/media\/17078"}],"wp:attachment":[{"href":"https:\/\/vossgass.no\/en\/wp-json\/wp\/v2\/media?parent=15641"}],"wp:term":[{"taxonomy":"product_brand","embeddable":true,"href":"https:\/\/vossgass.no\/en\/wp-json\/wp\/v2\/product_brand?post=15641"},{"taxonomy":"product_cat","embeddable":true,"href":"https:\/\/vossgass.no\/en\/wp-json\/wp\/v2\/product_cat?post=15641"},{"taxonomy":"product_tag","embeddable":true,"href":"https:\/\/vossgass.no\/en\/wp-json\/wp\/v2\/product_tag?post=15641"}],"curies":[{"name":"wp","href":"https:\/\/api.w.org\/{rel}","templated":true}]}}