{"id":15638,"date":"2025-04-15T17:50:47","date_gmt":"2025-04-15T15:50:47","guid":{"rendered":"https:\/\/vossgass.no\/produkt\/sanitaervaeske-sharkbite\/"},"modified":"2026-02-26T14:35:31","modified_gmt":"2026-02-26T13:35:31","slug":"sanitaervaeske-sharkbite","status":"publish","type":"product","link":"https:\/\/vossgass.no\/en\/product\/sanitaervaeske-sharkbite\/","title":{"rendered":"Sanit\u00e6rv\u00e6ske Sharkbite"},"content":{"rendered":"","protected":false},"excerpt":{"rendered":"<p>H\u00f8ykonsentrert tilsetningsstoff for avfallstank \/ kassett p\u00e5 mobile toaletter.<\/p>\n<p>Fjerner d\u00e5rlig lukt, eliminerer gassdannelse og l\u00f8ser opp innholdet for lettere t\u00f8mming av tanken.<br \/>\nForhindrer belegg og gir et beskyttende lag p\u00e5 toalettet som holder det friskt lenger.<br \/>\n1 dose varer opptil 4 dager.<br \/>\nInneholder ingen fargestoffer, dufter eller parfymer.<br \/>\nSaneringsv\u00e6sken er allergivennlig og milj\u00f8vennlig.<\/p>","protected":false},"featured_media":17075,"comment_status":"open","ping_status":"closed","template":"","meta":[],"product_brand":[],"product_cat":[260,498],"product_tag":[],"class_list":{"0":"post-15638","1":"product","2":"type-product","3":"status-publish","4":"has-post-thumbnail","6":"product_cat-hytte-camping-fritid","7":"product_cat-toalett-vann-avlop","9":"first","10":"instock","11":"taxable","12":"shipping-taxable","13":"purchasable","14":"product-type-simple"},"_links":{"self":[{"href":"https:\/\/vossgass.no\/en\/wp-json\/wp\/v2\/product\/15638","targetHints":{"allow":["GET"]}}],"collection":[{"href":"https:\/\/vossgass.no\/en\/wp-json\/wp\/v2\/product"}],"about":[{"href":"https:\/\/vossgass.no\/en\/wp-json\/wp\/v2\/types\/product"}],"replies":[{"embeddable":true,"href":"https:\/\/vossgass.no\/en\/wp-json\/wp\/v2\/comments?post=15638"}],"wp:featuredmedia":[{"embeddable":true,"href":"https:\/\/vossgass.no\/en\/wp-json\/wp\/v2\/media\/17075"}],"wp:attachment":[{"href":"https:\/\/vossgass.no\/en\/wp-json\/wp\/v2\/media?parent=15638"}],"wp:term":[{"taxonomy":"product_brand","embeddable":true,"href":"https:\/\/vossgass.no\/en\/wp-json\/wp\/v2\/product_brand?post=15638"},{"taxonomy":"product_cat","embeddable":true,"href":"https:\/\/vossgass.no\/en\/wp-json\/wp\/v2\/product_cat?post=15638"},{"taxonomy":"product_tag","embeddable":true,"href":"https:\/\/vossgass.no\/en\/wp-json\/wp\/v2\/product_tag?post=15638"}],"curies":[{"name":"wp","href":"https:\/\/api.w.org\/{rel}","templated":true}]}}