{"id":15637,"date":"2025-04-15T17:50:41","date_gmt":"2025-04-15T15:50:41","guid":{"rendered":"https:\/\/vossgass.no\/produkt\/solbio-toalettrengjoringsmiddel\/"},"modified":"2026-03-27T11:51:22","modified_gmt":"2026-03-27T10:51:22","slug":"solbio-toalettrengjoringsmiddel","status":"publish","type":"product","link":"https:\/\/vossgass.no\/en\/product\/solbio-toalettrengjoringsmiddel\/","title":{"rendered":"Solbio Toalettrengj\u00f8ringsmiddel"},"content":{"rendered":"","protected":false},"excerpt":{"rendered":"<p>Solbio Original er en 100 % biologisk toalettrengj\u00f8ringsv\u00e6ske for mobile toaletter. Pakket i en 1,6 liters pose som er nok til 40 doser. Solbio har en unik \u201d4 i 1\u201d formel som fungerer i kloakktanker, spylevannstanker og som en meget effektiv selvrensende toalettv\u00e6ske.<\/p>\n<p>Sikker<\/p>\n<p>Solbio er et naturprodukt og inneholder ingen skadelige kjemiske produkter eller syntetiske stoffer. Solbio er gr\u00f8nnere og renere da den best\u00e5r av naturlige ingredienser og er 100 % trygg for naturen.<\/p>\n<p>Ingen kjemikalier<\/p>\n<p>Kun 4 ingredienser brukes i Solbios organiske toalettv\u00e6sker. Alt kan finnes i naturen. Naturlige s\u00e5per, naturlig sitronsyre, 100 % naturlige essensielle oljer og planteekstrakter.<\/p>\n<p>Kraftig<\/p>\n<p>Detaljerte tester har sikret et resultat hvor Solbio er like god som kjente kjemiske produkter. Solbios toalettv\u00e6ske er ekstremt kraftig og forhindrer alle typer ubehagelig lukt.<\/p>\n<p>Fleksibel t\u00f8mming<\/p>\n<p>Bryter ned avfall og toalettpapir p\u00e5 en biologisk m\u00e5te slik at tanken kan t\u00f8mmes veldig enkelt. Det er derfor ikke behov for noe spesielt t\u00f8mmested og dermed er det mulig\u00e5 t\u00f8mme toalettet hjemme.<\/p>\n<p>Omtrent<\/p>\n<p>Ekstremt r\u00f8ff i bruk. 1,6 liter er nok 40 doser. En ny dosering anbefales hver tredje eller fjerde dag.<\/p>\n<p>Selvrensende<\/p>\n<p>I tillegg til \u00e5 bryte ned avfall, inneholder Solbio naturlige ingredienser som oppmuntrer de gode bakteriene til \u00e5 komme i gang. Dette gj\u00f8r Solbio unikt som produkt. Med duften av Eucalyptus holder Solbio toalettet, tanken og komponentene rene og friske<\/p>","protected":false},"featured_media":17074,"comment_status":"open","ping_status":"closed","template":"","meta":[],"product_brand":[],"product_cat":[260,498],"product_tag":[],"class_list":{"0":"post-15637","1":"product","2":"type-product","3":"status-publish","4":"has-post-thumbnail","6":"product_cat-hytte-camping-fritid","7":"product_cat-toalett-vann-avlop","9":"first","10":"outofstock","11":"taxable","12":"shipping-taxable","13":"purchasable","14":"product-type-simple"},"_links":{"self":[{"href":"https:\/\/vossgass.no\/en\/wp-json\/wp\/v2\/product\/15637","targetHints":{"allow":["GET"]}}],"collection":[{"href":"https:\/\/vossgass.no\/en\/wp-json\/wp\/v2\/product"}],"about":[{"href":"https:\/\/vossgass.no\/en\/wp-json\/wp\/v2\/types\/product"}],"replies":[{"embeddable":true,"href":"https:\/\/vossgass.no\/en\/wp-json\/wp\/v2\/comments?post=15637"}],"wp:featuredmedia":[{"embeddable":true,"href":"https:\/\/vossgass.no\/en\/wp-json\/wp\/v2\/media\/17074"}],"wp:attachment":[{"href":"https:\/\/vossgass.no\/en\/wp-json\/wp\/v2\/media?parent=15637"}],"wp:term":[{"taxonomy":"product_brand","embeddable":true,"href":"https:\/\/vossgass.no\/en\/wp-json\/wp\/v2\/product_brand?post=15637"},{"taxonomy":"product_cat","embeddable":true,"href":"https:\/\/vossgass.no\/en\/wp-json\/wp\/v2\/product_cat?post=15637"},{"taxonomy":"product_tag","embeddable":true,"href":"https:\/\/vossgass.no\/en\/wp-json\/wp\/v2\/product_tag?post=15637"}],"curies":[{"name":"wp","href":"https:\/\/api.w.org\/{rel}","templated":true}]}}