{"id":15636,"date":"2025-04-15T17:50:29","date_gmt":"2025-04-15T15:50:29","guid":{"rendered":"https:\/\/vossgass.no\/produkt\/fleksibelt-solcellepanel-mono-55w-540x680x3mm\/"},"modified":"2026-02-26T14:37:28","modified_gmt":"2026-02-26T13:37:28","slug":"fleksibelt-solcellepanel-mono-55w-540x680x3mm","status":"publish","type":"product","link":"https:\/\/vossgass.no\/en\/product\/fleksibelt-solcellepanel-mono-55w-540x680x3mm\/","title":{"rendered":"Fleksibelt Solcellepanel Mono 55W 540x680x3mm"},"content":{"rendered":"","protected":false},"excerpt":{"rendered":"<p>SKANBATT Fleksibelt Solcellepanel Mono 55W<\/p>\n<p>Modell: SB-FSP55W<br \/>\nKvalitet er ekstremt viktig n\u00e5r det kommer til fleksible solcellepaneler da disse ofte monteres p\u00e5 b\u00e5ter under r\u00f8ffe forhold.<br \/>\nDet er viktig at kvaliteten er 100% hele veien slik at man sikrer god effekt og lang levetid p\u00e5 panelene<br \/>\nV\u00e5re fleksible paneler kan benyttes til alle typer applikasjoner men mest vanlig er ved buet underlag, ved begrenset plass eller om man \u00f8nsker lavest mulig vekt<br \/>\nVekt kan v\u00e6re et viktig tema p\u00e5 f.eks bobiler<br \/>\nTekniske data:<br \/>\nDimensjon: 540x680x3mm<br \/>\nVekt: 1,3kg<br \/>\nEffekt toleranse: 0-3%<br \/>\nMaks effekt: 55W<br \/>\nNominell spenning Vmp: 17,8V<br \/>\nLadestr\u00f8m: 3.09A<br \/>\n\u00c5pen kortslutningsspenning: 21,36V<br \/>\nCelleeffektivitet: 20,3%<br \/>\nMaks systemspenning: 100V<br \/>\nCE og ROHS godkjent<br \/>\nPaneltype\tFleksibelt<br \/>\nWatt\t55<br \/>\nFarge\tHvitt<br \/>\nSt\u00f8rrelse\t680x540x3 mm<br \/>\nVekt\t1,3 kg<\/p>","protected":false},"featured_media":17073,"comment_status":"open","ping_status":"closed","template":"","meta":[],"product_brand":[],"product_cat":[260,516],"product_tag":[],"class_list":{"0":"post-15636","1":"product","2":"type-product","3":"status-publish","4":"has-post-thumbnail","6":"product_cat-hytte-camping-fritid","7":"product_cat-solenergi-12-v-m-m-hytte-camping-fritid-2","9":"first","10":"instock","11":"taxable","12":"shipping-taxable","13":"purchasable","14":"product-type-simple"},"_links":{"self":[{"href":"https:\/\/vossgass.no\/en\/wp-json\/wp\/v2\/product\/15636","targetHints":{"allow":["GET"]}}],"collection":[{"href":"https:\/\/vossgass.no\/en\/wp-json\/wp\/v2\/product"}],"about":[{"href":"https:\/\/vossgass.no\/en\/wp-json\/wp\/v2\/types\/product"}],"replies":[{"embeddable":true,"href":"https:\/\/vossgass.no\/en\/wp-json\/wp\/v2\/comments?post=15636"}],"wp:featuredmedia":[{"embeddable":true,"href":"https:\/\/vossgass.no\/en\/wp-json\/wp\/v2\/media\/17073"}],"wp:attachment":[{"href":"https:\/\/vossgass.no\/en\/wp-json\/wp\/v2\/media?parent=15636"}],"wp:term":[{"taxonomy":"product_brand","embeddable":true,"href":"https:\/\/vossgass.no\/en\/wp-json\/wp\/v2\/product_brand?post=15636"},{"taxonomy":"product_cat","embeddable":true,"href":"https:\/\/vossgass.no\/en\/wp-json\/wp\/v2\/product_cat?post=15636"},{"taxonomy":"product_tag","embeddable":true,"href":"https:\/\/vossgass.no\/en\/wp-json\/wp\/v2\/product_tag?post=15636"}],"curies":[{"name":"wp","href":"https:\/\/api.w.org\/{rel}","templated":true}]}}