{"id":15632,"date":"2025-04-15T17:49:43","date_gmt":"2025-04-15T15:49:43","guid":{"rendered":"https:\/\/vossgass.no\/produkt\/lekkasje-soker-leak-finder-crc-aerosol-250-ml\/"},"modified":"2026-03-24T15:00:50","modified_gmt":"2026-03-24T14:00:50","slug":"lekkasje-soker-leak-finder-crc-aerosol-250-ml","status":"publish","type":"product","link":"https:\/\/vossgass.no\/en\/product\/lekkasje-soker-leak-finder-crc-aerosol-250-ml\/","title":{"rendered":"Lekkasje s\u00f8ker &#8211; Leak Finder CRC Aerosol 250 ml"},"content":{"rendered":"","protected":false},"excerpt":{"rendered":"<p>Leak Finder &#8211; vannbaser gasslekkasjes\u00f8ker. Avsl\u00f8rer og lokaliserer raskt og sikkert gasslekkasjer og trykktap i r\u00f8r, trykksatte system m.m. gjennom \u00e5 produsere lett synlige bobler der det finnes en lekkasje. <\/p>\n<p>Medvirker til \u00e5 beskytte omgivelsene gjennom \u00e5 lokalisere utslipp av giftige og\/eller forurensede gasser. Fungerer p\u00e5 plast, st\u00e5l, aluminium og kobber.<br \/>\nSprayflaske 250 ml.<\/p>","protected":false},"featured_media":17069,"comment_status":"open","ping_status":"closed","template":"","meta":[],"product_brand":[],"product_cat":[318,459,603],"product_tag":[],"class_list":{"0":"post-15632","1":"product","2":"type-product","3":"status-publish","4":"has-post-thumbnail","6":"product_cat-gass-og-gassutstyr","7":"product_cat-gassflaskerer-propan","8":"product_cat-nykjop","10":"first","11":"instock","12":"taxable","13":"shipping-taxable","14":"purchasable","15":"product-type-simple"},"_links":{"self":[{"href":"https:\/\/vossgass.no\/en\/wp-json\/wp\/v2\/product\/15632","targetHints":{"allow":["GET"]}}],"collection":[{"href":"https:\/\/vossgass.no\/en\/wp-json\/wp\/v2\/product"}],"about":[{"href":"https:\/\/vossgass.no\/en\/wp-json\/wp\/v2\/types\/product"}],"replies":[{"embeddable":true,"href":"https:\/\/vossgass.no\/en\/wp-json\/wp\/v2\/comments?post=15632"}],"wp:featuredmedia":[{"embeddable":true,"href":"https:\/\/vossgass.no\/en\/wp-json\/wp\/v2\/media\/17069"}],"wp:attachment":[{"href":"https:\/\/vossgass.no\/en\/wp-json\/wp\/v2\/media?parent=15632"}],"wp:term":[{"taxonomy":"product_brand","embeddable":true,"href":"https:\/\/vossgass.no\/en\/wp-json\/wp\/v2\/product_brand?post=15632"},{"taxonomy":"product_cat","embeddable":true,"href":"https:\/\/vossgass.no\/en\/wp-json\/wp\/v2\/product_cat?post=15632"},{"taxonomy":"product_tag","embeddable":true,"href":"https:\/\/vossgass.no\/en\/wp-json\/wp\/v2\/product_tag?post=15632"}],"curies":[{"name":"wp","href":"https:\/\/api.w.org\/{rel}","templated":true}]}}