{"id":15629,"date":"2025-04-15T17:49:08","date_gmt":"2025-04-15T15:49:08","guid":{"rendered":"https:\/\/vossgass.no\/produkt\/kabelgjennomforing-tak-sort-2-utganger\/"},"modified":"2026-02-26T14:40:23","modified_gmt":"2026-02-26T13:40:23","slug":"kabelgjennomforing-tak-sort-2-utganger","status":"publish","type":"product","link":"https:\/\/vossgass.no\/en\/product\/kabelgjennomforing-tak-sort-2-utganger\/","title":{"rendered":"Kabelgjennomf\u00f8ring tak sort 2 utganger"},"content":{"rendered":"","protected":false},"excerpt":{"rendered":"<p>Svart takgjennomf\u00f8ring for \u00e5 f\u00f8re vanntett tilkoblingskabel til solcellepaneler gjennom bilens tak. Klargjort for 2 utganger. <\/p>\n<p>M\u00e5l: BxLxH 11,1 x 9,1 x 4 cm<\/p>","protected":false},"featured_media":17066,"comment_status":"open","ping_status":"closed","template":"","meta":[],"product_brand":[],"product_cat":[260,516],"product_tag":[],"class_list":{"0":"post-15629","1":"product","2":"type-product","3":"status-publish","4":"has-post-thumbnail","6":"product_cat-hytte-camping-fritid","7":"product_cat-solenergi-12-v-m-m-hytte-camping-fritid-2","9":"first","10":"instock","11":"taxable","12":"shipping-taxable","13":"purchasable","14":"product-type-simple"},"_links":{"self":[{"href":"https:\/\/vossgass.no\/en\/wp-json\/wp\/v2\/product\/15629","targetHints":{"allow":["GET"]}}],"collection":[{"href":"https:\/\/vossgass.no\/en\/wp-json\/wp\/v2\/product"}],"about":[{"href":"https:\/\/vossgass.no\/en\/wp-json\/wp\/v2\/types\/product"}],"replies":[{"embeddable":true,"href":"https:\/\/vossgass.no\/en\/wp-json\/wp\/v2\/comments?post=15629"}],"wp:featuredmedia":[{"embeddable":true,"href":"https:\/\/vossgass.no\/en\/wp-json\/wp\/v2\/media\/17066"}],"wp:attachment":[{"href":"https:\/\/vossgass.no\/en\/wp-json\/wp\/v2\/media?parent=15629"}],"wp:term":[{"taxonomy":"product_brand","embeddable":true,"href":"https:\/\/vossgass.no\/en\/wp-json\/wp\/v2\/product_brand?post=15629"},{"taxonomy":"product_cat","embeddable":true,"href":"https:\/\/vossgass.no\/en\/wp-json\/wp\/v2\/product_cat?post=15629"},{"taxonomy":"product_tag","embeddable":true,"href":"https:\/\/vossgass.no\/en\/wp-json\/wp\/v2\/product_tag?post=15629"}],"curies":[{"name":"wp","href":"https:\/\/api.w.org\/{rel}","templated":true}]}}