{"id":15616,"date":"2025-04-15T17:46:34","date_gmt":"2025-04-15T15:46:34","guid":{"rendered":"https:\/\/vossgass.no\/produkt\/lightergass-zapp-300-ml\/"},"modified":"2026-02-26T15:10:02","modified_gmt":"2026-02-26T14:10:02","slug":"lightergass-zapp-300-ml","status":"publish","type":"product","link":"https:\/\/vossgass.no\/en\/product\/lightergass-zapp-300-ml\/","title":{"rendered":"Lightergass Zapp 300 ml"},"content":{"rendered":"","protected":false},"excerpt":{"rendered":"<p>M\u00c5 HENTAST I BUTIKKEN ELLER AVTALE ALTERNATIV L\u00d8YSING f\u00f8r kj\u00f8p. <\/p>\n<p>Aerosolbeholder med forskjellige dyser for lightere og sigarettennere.<br \/>\nInnhold: 300 ml.<\/p>","protected":false},"featured_media":17053,"comment_status":"open","ping_status":"closed","template":"","meta":[],"product_brand":[],"product_cat":[318,459,603],"product_tag":[],"class_list":{"0":"post-15616","1":"product","2":"type-product","3":"status-publish","4":"has-post-thumbnail","6":"product_cat-gass-og-gassutstyr","7":"product_cat-gassflaskerer-propan","8":"product_cat-nykjop","9":"product_shipping_class-kan-ikke-sendes","11":"first","12":"instock","13":"taxable","14":"shipping-taxable","15":"purchasable","16":"product-type-simple"},"_links":{"self":[{"href":"https:\/\/vossgass.no\/en\/wp-json\/wp\/v2\/product\/15616","targetHints":{"allow":["GET"]}}],"collection":[{"href":"https:\/\/vossgass.no\/en\/wp-json\/wp\/v2\/product"}],"about":[{"href":"https:\/\/vossgass.no\/en\/wp-json\/wp\/v2\/types\/product"}],"replies":[{"embeddable":true,"href":"https:\/\/vossgass.no\/en\/wp-json\/wp\/v2\/comments?post=15616"}],"wp:featuredmedia":[{"embeddable":true,"href":"https:\/\/vossgass.no\/en\/wp-json\/wp\/v2\/media\/17053"}],"wp:attachment":[{"href":"https:\/\/vossgass.no\/en\/wp-json\/wp\/v2\/media?parent=15616"}],"wp:term":[{"taxonomy":"product_brand","embeddable":true,"href":"https:\/\/vossgass.no\/en\/wp-json\/wp\/v2\/product_brand?post=15616"},{"taxonomy":"product_cat","embeddable":true,"href":"https:\/\/vossgass.no\/en\/wp-json\/wp\/v2\/product_cat?post=15616"},{"taxonomy":"product_tag","embeddable":true,"href":"https:\/\/vossgass.no\/en\/wp-json\/wp\/v2\/product_tag?post=15616"}],"curies":[{"name":"wp","href":"https:\/\/api.w.org\/{rel}","templated":true}]}}