{"id":15614,"date":"2025-04-15T17:46:10","date_gmt":"2025-04-15T15:46:10","guid":{"rendered":"https:\/\/vossgass.no\/produkt\/blatind-lampeolje-1-liter\/"},"modified":"2026-02-26T15:37:01","modified_gmt":"2026-02-26T14:37:01","slug":"blatind-lampeolje-1-liter","status":"publish","type":"product","link":"https:\/\/vossgass.no\/en\/product\/blatind-lampeolje-1-liter\/","title":{"rendered":"Bl\u00e5tind Lampeolje 1 liter"},"content":{"rendered":"","protected":false},"excerpt":{"rendered":"<p>Bl\u00e5tind Lampeolje gir h\u00f8y flamme og godt lys i alle typer parafinlamper. <\/p>\n<p>Lampeoljen avgir ingen lukt, r\u00f8yk eller sot ved bruk. <\/p>\n<p>Kan benyttes til b\u00e5de inne-og utend\u00f8rs bruk. <\/p>\n<p>T\u00e5ler ned til -20 grader leveres i 1 liters flaske.<\/p>\n<p>M\u00c5 HENTAST I BUTIKKEN<\/p>","protected":false},"featured_media":17051,"comment_status":"open","ping_status":"closed","template":"","meta":[],"product_brand":[],"product_cat":[260,262,625],"product_tag":[],"class_list":{"0":"post-15614","1":"product","2":"type-product","3":"status-publish","4":"has-post-thumbnail","6":"product_cat-hytte-camping-fritid","7":"product_cat-oppvarming-hytte-camping-fritid-2","8":"product_cat-parafinovner","9":"product_shipping_class-kan-ikke-sendes","11":"first","12":"instock","13":"taxable","14":"shipping-taxable","15":"purchasable","16":"product-type-simple"},"_links":{"self":[{"href":"https:\/\/vossgass.no\/en\/wp-json\/wp\/v2\/product\/15614","targetHints":{"allow":["GET"]}}],"collection":[{"href":"https:\/\/vossgass.no\/en\/wp-json\/wp\/v2\/product"}],"about":[{"href":"https:\/\/vossgass.no\/en\/wp-json\/wp\/v2\/types\/product"}],"replies":[{"embeddable":true,"href":"https:\/\/vossgass.no\/en\/wp-json\/wp\/v2\/comments?post=15614"}],"wp:featuredmedia":[{"embeddable":true,"href":"https:\/\/vossgass.no\/en\/wp-json\/wp\/v2\/media\/17051"}],"wp:attachment":[{"href":"https:\/\/vossgass.no\/en\/wp-json\/wp\/v2\/media?parent=15614"}],"wp:term":[{"taxonomy":"product_brand","embeddable":true,"href":"https:\/\/vossgass.no\/en\/wp-json\/wp\/v2\/product_brand?post=15614"},{"taxonomy":"product_cat","embeddable":true,"href":"https:\/\/vossgass.no\/en\/wp-json\/wp\/v2\/product_cat?post=15614"},{"taxonomy":"product_tag","embeddable":true,"href":"https:\/\/vossgass.no\/en\/wp-json\/wp\/v2\/product_tag?post=15614"}],"curies":[{"name":"wp","href":"https:\/\/api.w.org\/{rel}","templated":true}]}}