{"id":15610,"date":"2025-04-15T17:45:36","date_gmt":"2025-04-15T15:45:36","guid":{"rendered":"https:\/\/vossgass.no\/produkt\/juicy-ipa\/"},"modified":"2026-02-26T15:45:01","modified_gmt":"2026-02-26T14:45:01","slug":"juicy-ipa","status":"publish","type":"product","link":"https:\/\/vossgass.no\/en\/product\/juicy-ipa\/","title":{"rendered":"Juicy IPA \u00d8lsett All Grain"},"content":{"rendered":"","protected":false},"excerpt":{"rendered":"<p>V\u00e5r eigen Juicy IPA &#8211; inspirert av \u00f8lstilen New England IPA.<br \/>\n\u00d8let er brygga b\u00e5de med bygg- og kveite- malt.<br \/>\n\u00d8let er str\u00e5gult og har ein frisk smak av sitrus og tropiske frukter.<\/p>\n<p>I denne pakka f\u00e5r du med dei ingrediensane du treng for  \u00e5 brygga 25 liter \u00f8l med ferdig knust malt.<\/p>\n<p>OG ~ 1.059<br \/>\nIBU ~ 28<br \/>\nABV ~ 6%<br \/>\nFG ~ 1.013<br \/>\nEBC ~ 10,4<\/p>\n<p>Pilsner<br \/>\nOat<br \/>\nWheat Blanc<br \/>\nCara Clair<br \/>\nMelano<\/p>\n<p>Magnum<br \/>\nCitra<br \/>\nAmarillo<br \/>\nMosaic<\/p>","protected":false},"featured_media":17047,"comment_status":"open","ping_status":"closed","template":"","meta":[],"product_brand":[],"product_cat":[620,91,259],"product_tag":[],"class_list":{"0":"post-15610","1":"product","2":"type-product","3":"status-publish","4":"has-post-thumbnail","6":"product_cat-allgrain-sett","7":"product_cat-heimabrygg","8":"product_cat-ol-cidersett","10":"first","11":"instock","12":"taxable","13":"shipping-taxable","14":"purchasable","15":"product-type-simple"},"_links":{"self":[{"href":"https:\/\/vossgass.no\/en\/wp-json\/wp\/v2\/product\/15610","targetHints":{"allow":["GET"]}}],"collection":[{"href":"https:\/\/vossgass.no\/en\/wp-json\/wp\/v2\/product"}],"about":[{"href":"https:\/\/vossgass.no\/en\/wp-json\/wp\/v2\/types\/product"}],"replies":[{"embeddable":true,"href":"https:\/\/vossgass.no\/en\/wp-json\/wp\/v2\/comments?post=15610"}],"wp:featuredmedia":[{"embeddable":true,"href":"https:\/\/vossgass.no\/en\/wp-json\/wp\/v2\/media\/17047"}],"wp:attachment":[{"href":"https:\/\/vossgass.no\/en\/wp-json\/wp\/v2\/media?parent=15610"}],"wp:term":[{"taxonomy":"product_brand","embeddable":true,"href":"https:\/\/vossgass.no\/en\/wp-json\/wp\/v2\/product_brand?post=15610"},{"taxonomy":"product_cat","embeddable":true,"href":"https:\/\/vossgass.no\/en\/wp-json\/wp\/v2\/product_cat?post=15610"},{"taxonomy":"product_tag","embeddable":true,"href":"https:\/\/vossgass.no\/en\/wp-json\/wp\/v2\/product_tag?post=15610"}],"curies":[{"name":"wp","href":"https:\/\/api.w.org\/{rel}","templated":true}]}}