{"id":15609,"date":"2025-04-15T17:45:31","date_gmt":"2025-04-15T15:45:31","guid":{"rendered":"https:\/\/vossgass.no\/produkt\/lille-lordag-ipa\/"},"modified":"2026-02-26T15:49:53","modified_gmt":"2026-02-26T14:49:53","slug":"lille-lordag-ipa","status":"publish","type":"product","link":"https:\/\/vossgass.no\/en\/product\/lille-lordag-ipa\/","title":{"rendered":"Lille L\u00f8rdag IPA \u00f8lsett All Grain"},"content":{"rendered":"","protected":false},"excerpt":{"rendered":"<p>Onsdag eller &laquo;Lille L\u00f8rdag&raquo; var dagen d\u00e5 tjenestefolket kunne f\u00e5 ut som kompensasjon for arbeid i helgane. <\/p>\n<p>Dette \u00f8let er Haandbryggeriets t\u00e5kete og humlete hyllest til alle hverdagsheltar som jobbar turnus og helg, for \u00e5 hadle samfunnet og hjulene i gang!<\/p>\n<p>I denne pakka f\u00e5r du med dei ingrediensane du treng for \u00e5 brygga 25 liter \u00f8l med ferdig knust malt.<\/p>\n<p>Allgrain \u00f8lsett<br \/>\n25 Liter<\/p>","protected":false},"featured_media":17046,"comment_status":"open","ping_status":"closed","template":"","meta":[],"product_brand":[],"product_cat":[620,91,259],"product_tag":[],"class_list":{"0":"post-15609","1":"product","2":"type-product","3":"status-publish","4":"has-post-thumbnail","6":"product_cat-allgrain-sett","7":"product_cat-heimabrygg","8":"product_cat-ol-cidersett","10":"first","11":"instock","12":"taxable","13":"shipping-taxable","14":"purchasable","15":"product-type-simple"},"_links":{"self":[{"href":"https:\/\/vossgass.no\/en\/wp-json\/wp\/v2\/product\/15609","targetHints":{"allow":["GET"]}}],"collection":[{"href":"https:\/\/vossgass.no\/en\/wp-json\/wp\/v2\/product"}],"about":[{"href":"https:\/\/vossgass.no\/en\/wp-json\/wp\/v2\/types\/product"}],"replies":[{"embeddable":true,"href":"https:\/\/vossgass.no\/en\/wp-json\/wp\/v2\/comments?post=15609"}],"wp:featuredmedia":[{"embeddable":true,"href":"https:\/\/vossgass.no\/en\/wp-json\/wp\/v2\/media\/17046"}],"wp:attachment":[{"href":"https:\/\/vossgass.no\/en\/wp-json\/wp\/v2\/media?parent=15609"}],"wp:term":[{"taxonomy":"product_brand","embeddable":true,"href":"https:\/\/vossgass.no\/en\/wp-json\/wp\/v2\/product_brand?post=15609"},{"taxonomy":"product_cat","embeddable":true,"href":"https:\/\/vossgass.no\/en\/wp-json\/wp\/v2\/product_cat?post=15609"},{"taxonomy":"product_tag","embeddable":true,"href":"https:\/\/vossgass.no\/en\/wp-json\/wp\/v2\/product_tag?post=15609"}],"curies":[{"name":"wp","href":"https:\/\/api.w.org\/{rel}","templated":true}]}}