{"id":15604,"date":"2025-04-15T17:45:05","date_gmt":"2025-04-15T15:45:05","guid":{"rendered":"https:\/\/vossgass.no\/produkt\/melano-malt-80-ebc-1-kg\/"},"modified":"2026-03-27T09:47:15","modified_gmt":"2026-03-27T08:47:15","slug":"melano-malt-80-ebc-1-kg","status":"publish","type":"product","link":"https:\/\/vossgass.no\/en\/product\/melano-malt-80-ebc-1-kg\/","title":{"rendered":"Melano Malt 80 EBC 1 kg HEIL"},"content":{"rendered":"","protected":false},"excerpt":{"rendered":"<p>NB! Alt malt blir knust og blanda, dersom det ikkje er spesifisert i kommentarfeltet.<\/p>\n<p>Castle Malting CH\u00c2TEAU MELANO &#8211; Melanoidin malt<\/p>\n<p>Melanoidin malt har en s\u00f8t, honning liknende smak og aroma. (Denne er ogs\u00e5 kjent som ?Honey malt? og ?Brumalt?) <\/p>\n<p>Selv om noen varianter har tilstrekkelig med enzymer til \u00e5 konvertere 100% av stivelsen til sukker, s\u00e5 er det mer vanlig \u00e5 bruke melanoidin malt i mindre mengder siden smaken kan bli for utpreget hvis den er brukt som hovedmalt. Mange bryggere anser denne malten som ?Super-Munich?, siden den deler noen av smaksnotene med Munich malt. Ved \u00e5 bruke opptil 10% Melanoidin i et brygg, vil man f\u00e5 en utpreget honning aroma i \u00f8let.<\/p>\n<p>Velg forpakning: antall kg, velg ogs\u00e5 om du \u00f8nsker hel eller knust malt. <\/p>\n<p>Ved kj\u00f8p av flere kg av samme malt, pakkes disse normalt i en pose.<\/p>\n<p>Farge: 75-85 EBC<\/p>\n<p>Produsent: Castle Malting, Belgia<\/p>\n<p>Info fra produsent: Very aromatic, with intense malty flavour. Gives fullness and roundness to the beer colour, improves flavour stability and promotes red colour in your beer. Gives beer fuller body. This specialty variety has been described as \u201cturbo Munich\u201d<\/p>\n<p>All malt blir knust og samla i ein pose hvis ikkje anna blir spesifisert av deg<br \/>\n(dette kan du skrive i melding-til-butikken-feltet rett f\u00f8r betalingsdelen)<\/p>\n<p>&#8211; forel\u00f8pig kan du KUN bestille heile kilo her i nettbutikken<\/p>\n<p>Som alternativ, kan du velge \u00e5 sende di eiga oppskrift til post@vossgass.no<br \/>\nd\u00e5 f\u00e5r du akkurat den mengde malt du ynskjer av sortane som er p\u00e5 lager her i nettbutikken.<br \/>\nN\u00e5r alt er klart, kan du vippse oss og me sender, eller du henter og betaler i butikken.<\/p>\n<p>&#8211; humle og andre r\u00e5varer er fast mengde og blir ikkje delt opp, d\u00e5 er alternativet \u00e5 kj\u00f8pe ferdige \u00f8lsett.<\/p>","protected":false},"featured_media":17041,"comment_status":"open","ping_status":"closed","template":"","meta":[],"product_brand":[],"product_cat":[91,633,149],"product_tag":[],"class_list":{"0":"post-15604","1":"product","2":"type-product","3":"status-publish","4":"has-post-thumbnail","6":"product_cat-heimabrygg","7":"product_cat-malt-i-lausvekt","8":"product_cat-ravarer","10":"first","11":"instock","12":"taxable","13":"shipping-taxable","14":"purchasable","15":"product-type-simple"},"_links":{"self":[{"href":"https:\/\/vossgass.no\/en\/wp-json\/wp\/v2\/product\/15604","targetHints":{"allow":["GET"]}}],"collection":[{"href":"https:\/\/vossgass.no\/en\/wp-json\/wp\/v2\/product"}],"about":[{"href":"https:\/\/vossgass.no\/en\/wp-json\/wp\/v2\/types\/product"}],"replies":[{"embeddable":true,"href":"https:\/\/vossgass.no\/en\/wp-json\/wp\/v2\/comments?post=15604"}],"wp:featuredmedia":[{"embeddable":true,"href":"https:\/\/vossgass.no\/en\/wp-json\/wp\/v2\/media\/17041"}],"wp:attachment":[{"href":"https:\/\/vossgass.no\/en\/wp-json\/wp\/v2\/media?parent=15604"}],"wp:term":[{"taxonomy":"product_brand","embeddable":true,"href":"https:\/\/vossgass.no\/en\/wp-json\/wp\/v2\/product_brand?post=15604"},{"taxonomy":"product_cat","embeddable":true,"href":"https:\/\/vossgass.no\/en\/wp-json\/wp\/v2\/product_cat?post=15604"},{"taxonomy":"product_tag","embeddable":true,"href":"https:\/\/vossgass.no\/en\/wp-json\/wp\/v2\/product_tag?post=15604"}],"curies":[{"name":"wp","href":"https:\/\/api.w.org\/{rel}","templated":true}]}}