{"id":15603,"date":"2025-04-15T17:44:59","date_gmt":"2025-04-15T15:44:59","guid":{"rendered":"https:\/\/vossgass.no\/produkt\/paskekos\/"},"modified":"2026-02-26T16:01:15","modified_gmt":"2026-02-26T15:01:15","slug":"paskekos","status":"publish","type":"product","link":"https:\/\/vossgass.no\/en\/product\/paskekos\/","title":{"rendered":"P\u00e5skekos \u00f8lsett All Grain"},"content":{"rendered":"","protected":false},"excerpt":{"rendered":"<p>V\u00e5r eigen p\u00e5skekos \u00f8l &#8211; er eit friskt kveite\u00f8l som passar godt i solveggen heile \u00e5ret, ikkje berre i<br \/>\np\u00e5sken. Dette \u00f8let er ein av v\u00e5re bestselgarar. Lyst, forfriskande \u00f8l som har litt tyngde.<br \/>\nTilsett gjerne litt revet appelsinskall for \u00e5 f\u00e5 end\u00e5 meir p\u00e5skestemning.<\/p>\n<p>I denne pakka f\u00e5r du med dei ingrediensane du treng for \u00e5 brygga 25 liter \u00f8l med ferdig knust malt.<\/p>","protected":false},"featured_media":17040,"comment_status":"open","ping_status":"closed","template":"","meta":[],"product_brand":[],"product_cat":[620,91,259],"product_tag":[],"class_list":{"0":"post-15603","1":"product","2":"type-product","3":"status-publish","4":"has-post-thumbnail","6":"product_cat-allgrain-sett","7":"product_cat-heimabrygg","8":"product_cat-ol-cidersett","10":"first","11":"instock","12":"taxable","13":"shipping-taxable","14":"purchasable","15":"product-type-simple"},"_links":{"self":[{"href":"https:\/\/vossgass.no\/en\/wp-json\/wp\/v2\/product\/15603","targetHints":{"allow":["GET"]}}],"collection":[{"href":"https:\/\/vossgass.no\/en\/wp-json\/wp\/v2\/product"}],"about":[{"href":"https:\/\/vossgass.no\/en\/wp-json\/wp\/v2\/types\/product"}],"replies":[{"embeddable":true,"href":"https:\/\/vossgass.no\/en\/wp-json\/wp\/v2\/comments?post=15603"}],"wp:featuredmedia":[{"embeddable":true,"href":"https:\/\/vossgass.no\/en\/wp-json\/wp\/v2\/media\/17040"}],"wp:attachment":[{"href":"https:\/\/vossgass.no\/en\/wp-json\/wp\/v2\/media?parent=15603"}],"wp:term":[{"taxonomy":"product_brand","embeddable":true,"href":"https:\/\/vossgass.no\/en\/wp-json\/wp\/v2\/product_brand?post=15603"},{"taxonomy":"product_cat","embeddable":true,"href":"https:\/\/vossgass.no\/en\/wp-json\/wp\/v2\/product_cat?post=15603"},{"taxonomy":"product_tag","embeddable":true,"href":"https:\/\/vossgass.no\/en\/wp-json\/wp\/v2\/product_tag?post=15603"}],"curies":[{"name":"wp","href":"https:\/\/api.w.org\/{rel}","templated":true}]}}