{"id":15602,"date":"2025-04-15T17:44:54","date_gmt":"2025-04-15T15:44:54","guid":{"rendered":"https:\/\/vossgass.no\/produkt\/humlesus-pale-ale\/"},"modified":"2026-02-26T16:05:05","modified_gmt":"2026-02-26T15:05:05","slug":"humlesus-pale-ale","status":"publish","type":"product","link":"https:\/\/vossgass.no\/en\/product\/humlesus-pale-ale\/","title":{"rendered":"Humlesus Pale Ale"},"content":{"rendered":"","protected":false},"excerpt":{"rendered":"<p>Haandbryggeriet sin Humlesus er ein lys, forfriskande og leskande \u00f8l,<br \/>\nmed eit aromatisk fruktig sus av sitrus og ein herlig avsluning.<br \/>\nDette er ein nydeleg og moderne &laquo;single hop&raquo; Citra pale ale,<br \/>\ngjort etter alle kunstens reglar.<\/p>\n<p>Passar glimrande saman med lett v\u00e5r og sommarmat som salater,<br \/>\nkylling eller pizza.<\/p>\n<p>I denne pakka f\u00e5r du med dei ingrediensane du treng for \u00e5 brygga 25 liter \u00f8l med ferdig knust malt.<\/p>\n<p>Allgrain \u00f8lsett<br \/>\n25 liter<\/p>","protected":false},"featured_media":17039,"comment_status":"open","ping_status":"closed","template":"","meta":[],"product_brand":[],"product_cat":[620,91,259],"product_tag":[],"class_list":{"0":"post-15602","1":"product","2":"type-product","3":"status-publish","4":"has-post-thumbnail","6":"product_cat-allgrain-sett","7":"product_cat-heimabrygg","8":"product_cat-ol-cidersett","10":"first","11":"instock","12":"taxable","13":"shipping-taxable","14":"purchasable","15":"product-type-simple"},"_links":{"self":[{"href":"https:\/\/vossgass.no\/en\/wp-json\/wp\/v2\/product\/15602","targetHints":{"allow":["GET"]}}],"collection":[{"href":"https:\/\/vossgass.no\/en\/wp-json\/wp\/v2\/product"}],"about":[{"href":"https:\/\/vossgass.no\/en\/wp-json\/wp\/v2\/types\/product"}],"replies":[{"embeddable":true,"href":"https:\/\/vossgass.no\/en\/wp-json\/wp\/v2\/comments?post=15602"}],"wp:featuredmedia":[{"embeddable":true,"href":"https:\/\/vossgass.no\/en\/wp-json\/wp\/v2\/media\/17039"}],"wp:attachment":[{"href":"https:\/\/vossgass.no\/en\/wp-json\/wp\/v2\/media?parent=15602"}],"wp:term":[{"taxonomy":"product_brand","embeddable":true,"href":"https:\/\/vossgass.no\/en\/wp-json\/wp\/v2\/product_brand?post=15602"},{"taxonomy":"product_cat","embeddable":true,"href":"https:\/\/vossgass.no\/en\/wp-json\/wp\/v2\/product_cat?post=15602"},{"taxonomy":"product_tag","embeddable":true,"href":"https:\/\/vossgass.no\/en\/wp-json\/wp\/v2\/product_tag?post=15602"}],"curies":[{"name":"wp","href":"https:\/\/api.w.org\/{rel}","templated":true}]}}