{"id":15600,"date":"2025-04-15T17:44:38","date_gmt":"2025-04-15T15:44:38","guid":{"rendered":"https:\/\/vossgass.no\/produkt\/tappekran-picnic-med-1-4-stem\/"},"modified":"2026-04-23T15:11:39","modified_gmt":"2026-04-23T13:11:39","slug":"tappekran-picnic-med-1-4-stem","status":"publish","type":"product","link":"https:\/\/vossgass.no\/en\/product\/tappekran-picnic-med-1-4-stem\/","title":{"rendered":"Tappekran Picnic med 1\/4&#8243; stem"},"content":{"rendered":"","protected":false},"excerpt":{"rendered":"<p>Tappekran Picnic Duotight kompatibel<br \/>\nPicknic tappekran med 6,35mm (1\/4&#8243;)) som passer til hurtigkoblinger, bl.a. Duotight.<\/p>\n<p>Gj\u00f8r tilkoblingen av slanger mye enklere ved bare \u00e5 dytte hurtigkoblingen p\u00e5 plass. Dytt deretter slangen p\u00e5 plass i andre enden av hurtigkoblingen.<br \/>\nP\u00e5 denne m\u00e5ten er det enklere \u00e5 bruke den slangedimensjonen man \u00f8nsker, uten \u00e5 f\u00f8rst m\u00e5tte bruke en slange tilpasset en bestemt slangenippel pluss en overgang til \u00f8nsket slange.<\/p>\n<p>Avkobling av slanger for rengj\u00f8ring vil ogs\u00e5 v\u00e6re mye enklere, da det er bare \u00e5 koble fra hurtigkoblingen fremfor \u00e5 m\u00e5tte l\u00f8sne slangeklemmer.<\/p>\n<p>Se kompatible hurtigkoblinger under anbefalt tilbeh\u00f8r lenger nede p\u00e5 siden.<\/p>","protected":false},"featured_media":17037,"comment_status":"open","ping_status":"closed","template":"","meta":[],"product_brand":[],"product_cat":[257,91],"product_tag":[],"class_list":{"0":"post-15600","1":"product","2":"type-product","3":"status-publish","4":"has-post-thumbnail","6":"product_cat-gjaering-heimabrygg","7":"product_cat-heimabrygg","9":"first","10":"outofstock","11":"taxable","12":"shipping-taxable","13":"purchasable","14":"product-type-simple"},"_links":{"self":[{"href":"https:\/\/vossgass.no\/en\/wp-json\/wp\/v2\/product\/15600","targetHints":{"allow":["GET"]}}],"collection":[{"href":"https:\/\/vossgass.no\/en\/wp-json\/wp\/v2\/product"}],"about":[{"href":"https:\/\/vossgass.no\/en\/wp-json\/wp\/v2\/types\/product"}],"replies":[{"embeddable":true,"href":"https:\/\/vossgass.no\/en\/wp-json\/wp\/v2\/comments?post=15600"}],"wp:featuredmedia":[{"embeddable":true,"href":"https:\/\/vossgass.no\/en\/wp-json\/wp\/v2\/media\/17037"}],"wp:attachment":[{"href":"https:\/\/vossgass.no\/en\/wp-json\/wp\/v2\/media?parent=15600"}],"wp:term":[{"taxonomy":"product_brand","embeddable":true,"href":"https:\/\/vossgass.no\/en\/wp-json\/wp\/v2\/product_brand?post=15600"},{"taxonomy":"product_cat","embeddable":true,"href":"https:\/\/vossgass.no\/en\/wp-json\/wp\/v2\/product_cat?post=15600"},{"taxonomy":"product_tag","embeddable":true,"href":"https:\/\/vossgass.no\/en\/wp-json\/wp\/v2\/product_tag?post=15600"}],"curies":[{"name":"wp","href":"https:\/\/api.w.org\/{rel}","templated":true}]}}