{"id":15596,"date":"2025-04-15T17:44:04","date_gmt":"2025-04-15T15:44:04","guid":{"rendered":"https:\/\/vossgass.no\/produkt\/brew-body-maltodextrin-500-gr\/"},"modified":"2026-02-26T16:14:19","modified_gmt":"2026-02-26T15:14:19","slug":"brew-body-maltodextrin-500-gr","status":"publish","type":"product","link":"https:\/\/vossgass.no\/en\/product\/brew-body-maltodextrin-500-gr\/","title":{"rendered":"Brew Body &#8211; Maltodextrin 500 gr"},"content":{"rendered":"","protected":false},"excerpt":{"rendered":"<p>Maltodextrin brukes for \u00e5 gi \u00f8let mer kropp\/fylde<\/p>\n<p>&#8211; P\u00e5virker ikke skumfasthet eller s\u00f8dme i \u00f8let.<\/p>\n<p>&#8211; Dosering 25g\/liter<\/p>\n<p>&#8211; Inneholder gluten  <\/p>","protected":false},"featured_media":17033,"comment_status":"open","ping_status":"closed","template":"","meta":[],"product_brand":[],"product_cat":[91,149],"product_tag":[],"class_list":{"0":"post-15596","1":"product","2":"type-product","3":"status-publish","4":"has-post-thumbnail","6":"product_cat-heimabrygg","7":"product_cat-ravarer","9":"first","10":"instock","11":"taxable","12":"shipping-taxable","13":"purchasable","14":"product-type-simple"},"_links":{"self":[{"href":"https:\/\/vossgass.no\/en\/wp-json\/wp\/v2\/product\/15596","targetHints":{"allow":["GET"]}}],"collection":[{"href":"https:\/\/vossgass.no\/en\/wp-json\/wp\/v2\/product"}],"about":[{"href":"https:\/\/vossgass.no\/en\/wp-json\/wp\/v2\/types\/product"}],"replies":[{"embeddable":true,"href":"https:\/\/vossgass.no\/en\/wp-json\/wp\/v2\/comments?post=15596"}],"wp:featuredmedia":[{"embeddable":true,"href":"https:\/\/vossgass.no\/en\/wp-json\/wp\/v2\/media\/17033"}],"wp:attachment":[{"href":"https:\/\/vossgass.no\/en\/wp-json\/wp\/v2\/media?parent=15596"}],"wp:term":[{"taxonomy":"product_brand","embeddable":true,"href":"https:\/\/vossgass.no\/en\/wp-json\/wp\/v2\/product_brand?post=15596"},{"taxonomy":"product_cat","embeddable":true,"href":"https:\/\/vossgass.no\/en\/wp-json\/wp\/v2\/product_cat?post=15596"},{"taxonomy":"product_tag","embeddable":true,"href":"https:\/\/vossgass.no\/en\/wp-json\/wp\/v2\/product_tag?post=15596"}],"curies":[{"name":"wp","href":"https:\/\/api.w.org\/{rel}","templated":true}]}}