{"id":15587,"date":"2025-04-15T17:42:30","date_gmt":"2025-04-15T15:42:30","guid":{"rendered":"https:\/\/vossgass.no\/produkt\/aluminium-selvfyllerflaske-travelmate-11kg\/"},"modified":"2026-03-30T12:32:43","modified_gmt":"2026-03-30T10:32:43","slug":"aluminium-selvfyllerflaske-travelmate-11kg","status":"publish","type":"product","link":"https:\/\/vossgass.no\/en\/product\/aluminium-selvfyllerflaske-travelmate-11kg\/","title":{"rendered":"Aluminium selvfyllerflaske Travelmate 11kg"},"content":{"rendered":"","protected":false},"excerpt":{"rendered":"<p>Travel Mate selvfyllerflaske gir deg som bruker stor fleksiblitet n\u00e5r du er ute p\u00e5 reise.<br \/>\nOm du reiser i Norge eller Europa, gir en selvfyllerflaske deg frihet til \u00e5 fylle gass n\u00e5r du \u00f8nsker.<br \/>\nFlaskene kan brukes singel eller dobbel\/par hvor p\u00e5fylling skjer fra utsiden av kj\u00f8ret\u00f8y.<br \/>\nDen lave egenvekten og kraven som kan tas hav for redusert h\u00f8yde, gj\u00f8r Travel Mate til den ultimate gassflasken for bobil og Caravan.<\/p>\n<p>P\u00e5fyllingsvekt: 11kg<br \/>\nEgenvekt: 6,7 kg<br \/>\nH\u00f8yde over ventil: 557mm<br \/>\nH\u00f8yde topp krage: 597mm<br \/>\nDiameter: 300mm<\/p>","protected":false},"featured_media":17024,"comment_status":"open","ping_status":"closed","template":"","meta":[],"product_brand":[],"product_cat":[318,459,603],"product_tag":[],"class_list":{"0":"post-15587","1":"product","2":"type-product","3":"status-publish","4":"has-post-thumbnail","6":"product_cat-gass-og-gassutstyr","7":"product_cat-gassflaskerer-propan","8":"product_cat-nykjop","9":"product_shipping_class-kan-ikke-sendes","11":"first","12":"onbackorder","13":"taxable","14":"shipping-taxable","15":"purchasable","16":"product-type-simple"},"_links":{"self":[{"href":"https:\/\/vossgass.no\/en\/wp-json\/wp\/v2\/product\/15587","targetHints":{"allow":["GET"]}}],"collection":[{"href":"https:\/\/vossgass.no\/en\/wp-json\/wp\/v2\/product"}],"about":[{"href":"https:\/\/vossgass.no\/en\/wp-json\/wp\/v2\/types\/product"}],"replies":[{"embeddable":true,"href":"https:\/\/vossgass.no\/en\/wp-json\/wp\/v2\/comments?post=15587"}],"wp:featuredmedia":[{"embeddable":true,"href":"https:\/\/vossgass.no\/en\/wp-json\/wp\/v2\/media\/17024"}],"wp:attachment":[{"href":"https:\/\/vossgass.no\/en\/wp-json\/wp\/v2\/media?parent=15587"}],"wp:term":[{"taxonomy":"product_brand","embeddable":true,"href":"https:\/\/vossgass.no\/en\/wp-json\/wp\/v2\/product_brand?post=15587"},{"taxonomy":"product_cat","embeddable":true,"href":"https:\/\/vossgass.no\/en\/wp-json\/wp\/v2\/product_cat?post=15587"},{"taxonomy":"product_tag","embeddable":true,"href":"https:\/\/vossgass.no\/en\/wp-json\/wp\/v2\/product_tag?post=15587"}],"curies":[{"name":"wp","href":"https:\/\/api.w.org\/{rel}","templated":true}]}}