{"id":15575,"date":"2025-04-15T17:40:21","date_gmt":"2025-04-15T15:40:21","guid":{"rendered":"https:\/\/vossgass.no\/produkt\/east-kent-golding-uk-69-100gr-blomst\/"},"modified":"2026-04-10T10:18:45","modified_gmt":"2026-04-10T08:18:45","slug":"east-kent-golding-uk-69-100gr-blomst","status":"publish","type":"product","link":"https:\/\/vossgass.no\/en\/product\/east-kent-golding-uk-69-100gr-blomst\/","title":{"rendered":"East Kent Golding UK 6,9 % 100gr BLOMST"},"content":{"rendered":"","protected":false},"excerpt":{"rendered":"<p>East Kent Golding (EKG) er en klassisk engelsk humle med aroma av blomster, krydder og s\u00f8te citrusfrukter. Ofte brukt sammen med Fuggles for \u00e5 gjenskape britiske \u00f8lstiler.<\/p>\n<p>Aroma\/Smak:<br \/>\nBlomster, krydder, sitrus<\/p>","protected":false},"featured_media":17012,"comment_status":"open","ping_status":"closed","template":"","meta":[],"product_brand":[],"product_cat":[91,150,149],"product_tag":[],"class_list":{"0":"post-15575","1":"product","2":"type-product","3":"status-publish","4":"has-post-thumbnail","6":"product_cat-heimabrygg","7":"product_cat-humle","8":"product_cat-ravarer","10":"first","11":"outofstock","12":"taxable","13":"shipping-taxable","14":"purchasable","15":"product-type-simple"},"_links":{"self":[{"href":"https:\/\/vossgass.no\/en\/wp-json\/wp\/v2\/product\/15575","targetHints":{"allow":["GET"]}}],"collection":[{"href":"https:\/\/vossgass.no\/en\/wp-json\/wp\/v2\/product"}],"about":[{"href":"https:\/\/vossgass.no\/en\/wp-json\/wp\/v2\/types\/product"}],"replies":[{"embeddable":true,"href":"https:\/\/vossgass.no\/en\/wp-json\/wp\/v2\/comments?post=15575"}],"wp:featuredmedia":[{"embeddable":true,"href":"https:\/\/vossgass.no\/en\/wp-json\/wp\/v2\/media\/17012"}],"wp:attachment":[{"href":"https:\/\/vossgass.no\/en\/wp-json\/wp\/v2\/media?parent=15575"}],"wp:term":[{"taxonomy":"product_brand","embeddable":true,"href":"https:\/\/vossgass.no\/en\/wp-json\/wp\/v2\/product_brand?post=15575"},{"taxonomy":"product_cat","embeddable":true,"href":"https:\/\/vossgass.no\/en\/wp-json\/wp\/v2\/product_cat?post=15575"},{"taxonomy":"product_tag","embeddable":true,"href":"https:\/\/vossgass.no\/en\/wp-json\/wp\/v2\/product_tag?post=15575"}],"curies":[{"name":"wp","href":"https:\/\/api.w.org\/{rel}","templated":true}]}}