{"id":15574,"date":"2025-04-15T17:40:16","date_gmt":"2025-04-15T15:40:16","guid":{"rendered":"https:\/\/vossgass.no\/produkt\/kazbek-pellets-100-g-52-supersaaz\/"},"modified":"2026-04-01T22:43:19","modified_gmt":"2026-04-01T20:43:19","slug":"kazbek-pellets-100-g-52-supersaaz","status":"publish","type":"product","link":"https:\/\/vossgass.no\/en\/product\/kazbek-pellets-100-g-52-supersaaz\/","title":{"rendered":"Kazbek pellets, 100 g, 5,2% &laquo;SuperSaaz&raquo;"},"content":{"rendered":"","protected":false},"excerpt":{"rendered":"<p>Kazbek Humle 100g.<br \/>\n5,2 % alfasyreinnhold.<\/p>\n<p>Mild. Med jordlig og vilt preg. Kazbek har en veldig tydelig karakter av sitrus, b\u00e6r og grapefrukt.<\/p>\n<p>Kazbek Humle 100 gram.<br \/>\n5,2 % alfasyreinnhold<\/p>\n<p>Dette er en humle som er avlet frem av Saaz og en viltvoksende variant fra Kaukasus fjellene. Ble sluppet p\u00e5 markedet i 2008. Den kan minne en del om Saaz humle. Men den har et h\u00f8yre innhold av syre og olje. I USA blir den ofte brukt til t\u00f8rrhumling av lager, Pale ales, hvete\u00f8l og belgiske \u00f8lstiler.<\/p>\n<p>Bruksomr\u00e5de: Aroma\/smak<\/p>\n<p>Aroma\/smak: Mild. Med jordlig og vilt preg. Kazbek har en veldig tydelig karakter av sitrus, b\u00e6r og grapefrukt, som er kombinert med krydder og urter.<\/p>\n<p>Tilsvarende humletype: En blanding av Saaz og Cascade humle. Unik!<\/p>\n<p>Opprinnelsesland: Tsjekkia<\/p>\n<p>Vanlige \u00f8lsorter: IPA, Lager, Saison og Pilsner.<\/p>","protected":false},"featured_media":17011,"comment_status":"open","ping_status":"closed","template":"","meta":[],"product_brand":[],"product_cat":[91,150,149],"product_tag":[],"class_list":{"0":"post-15574","1":"product","2":"type-product","3":"status-publish","4":"has-post-thumbnail","6":"product_cat-heimabrygg","7":"product_cat-humle","8":"product_cat-ravarer","10":"first","11":"instock","12":"taxable","13":"shipping-taxable","14":"purchasable","15":"product-type-simple"},"_links":{"self":[{"href":"https:\/\/vossgass.no\/en\/wp-json\/wp\/v2\/product\/15574","targetHints":{"allow":["GET"]}}],"collection":[{"href":"https:\/\/vossgass.no\/en\/wp-json\/wp\/v2\/product"}],"about":[{"href":"https:\/\/vossgass.no\/en\/wp-json\/wp\/v2\/types\/product"}],"replies":[{"embeddable":true,"href":"https:\/\/vossgass.no\/en\/wp-json\/wp\/v2\/comments?post=15574"}],"wp:featuredmedia":[{"embeddable":true,"href":"https:\/\/vossgass.no\/en\/wp-json\/wp\/v2\/media\/17011"}],"wp:attachment":[{"href":"https:\/\/vossgass.no\/en\/wp-json\/wp\/v2\/media?parent=15574"}],"wp:term":[{"taxonomy":"product_brand","embeddable":true,"href":"https:\/\/vossgass.no\/en\/wp-json\/wp\/v2\/product_brand?post=15574"},{"taxonomy":"product_cat","embeddable":true,"href":"https:\/\/vossgass.no\/en\/wp-json\/wp\/v2\/product_cat?post=15574"},{"taxonomy":"product_tag","embeddable":true,"href":"https:\/\/vossgass.no\/en\/wp-json\/wp\/v2\/product_tag?post=15574"}],"curies":[{"name":"wp","href":"https:\/\/api.w.org\/{rel}","templated":true}]}}