{"id":15573,"date":"2025-04-15T17:40:12","date_gmt":"2025-04-15T15:40:12","guid":{"rendered":"https:\/\/vossgass.no\/produkt\/fatpakke-nyoverhalt-fat-m-minireg-og-slangepakke-sodastream-patron\/"},"modified":"2026-04-01T14:05:58","modified_gmt":"2026-04-01T12:05:58","slug":"fatpakke-nyoverhalt-fat-m-minireg-og-slangepakke-sodastream-patron","status":"publish","type":"product","link":"https:\/\/vossgass.no\/en\/product\/fatpakke-nyoverhalt-fat-m-minireg-og-slangepakke-sodastream-patron\/","title":{"rendered":"Fatpakke, corneliusfat m\/minireg og slangepakke. Sodastream\/patron."},"content":{"rendered":"","protected":false},"excerpt":{"rendered":"<p>Om du \u00f8nsker \u00e5 komme i gang med fat, men litt usikker p\u00e5 hvilket tilbeh\u00f8r du trenger, s\u00e5 er dette en fin pakke for deg. Her har vi en ferdig pakke med alt du trenger for \u00e5 kunne tappe fra fat.<\/p>\n<p>Mini 360 Regulator er en regulator med ett manometer, men med mange muligheter med tilkobling, enten med slange eller direkte p\u00e5 ball lock&#8217;en. Denne passer rett p\u00e5 425g CO2 patron. Det f\u00f8lger ogs\u00e5 med overgang til sm\u00e5 patroner p\u00e5 16g. Duotight kobling, EvaBarrier slange i tilpasset lengde f\u00f8lger ogs\u00e5 med.<br \/>\nTappeslange med ball lock og kran<br \/>\n19 l Corneliusfat vekt 4,45kg H: 64 cm<\/p>","protected":false},"featured_media":19484,"comment_status":"open","ping_status":"closed","template":"","meta":[],"product_brand":[],"product_cat":[257,91],"product_tag":[],"class_list":{"0":"post-15573","1":"product","2":"type-product","3":"status-publish","4":"has-post-thumbnail","6":"product_cat-gjaering-heimabrygg","7":"product_cat-heimabrygg","9":"first","10":"instock","11":"featured","12":"taxable","13":"shipping-taxable","14":"purchasable","15":"product-type-simple"},"_links":{"self":[{"href":"https:\/\/vossgass.no\/en\/wp-json\/wp\/v2\/product\/15573","targetHints":{"allow":["GET"]}}],"collection":[{"href":"https:\/\/vossgass.no\/en\/wp-json\/wp\/v2\/product"}],"about":[{"href":"https:\/\/vossgass.no\/en\/wp-json\/wp\/v2\/types\/product"}],"replies":[{"embeddable":true,"href":"https:\/\/vossgass.no\/en\/wp-json\/wp\/v2\/comments?post=15573"}],"wp:featuredmedia":[{"embeddable":true,"href":"https:\/\/vossgass.no\/en\/wp-json\/wp\/v2\/media\/19484"}],"wp:attachment":[{"href":"https:\/\/vossgass.no\/en\/wp-json\/wp\/v2\/media?parent=15573"}],"wp:term":[{"taxonomy":"product_brand","embeddable":true,"href":"https:\/\/vossgass.no\/en\/wp-json\/wp\/v2\/product_brand?post=15573"},{"taxonomy":"product_cat","embeddable":true,"href":"https:\/\/vossgass.no\/en\/wp-json\/wp\/v2\/product_cat?post=15573"},{"taxonomy":"product_tag","embeddable":true,"href":"https:\/\/vossgass.no\/en\/wp-json\/wp\/v2\/product_tag?post=15573"}],"curies":[{"name":"wp","href":"https:\/\/api.w.org\/{rel}","templated":true}]}}