{"id":15565,"date":"2025-04-15T17:38:57","date_gmt":"2025-04-15T15:38:57","guid":{"rendered":"https:\/\/vossgass.no\/produkt\/ball-lock-co2-rustfritt-stal\/"},"modified":"2025-09-23T12:22:33","modified_gmt":"2025-09-23T10:22:33","slug":"ball-lock-co2-rustfritt-stal","status":"publish","type":"product","link":"https:\/\/vossgass.no\/en\/product\/ball-lock-co2-rustfritt-stal\/","title":{"rendered":"Ball Lock Co2, rustfritt st\u00e5l"},"content":{"rendered":"","protected":false},"excerpt":{"rendered":"<p>Ball lock kobling til CO2 Udf\u00f8rt i rustfri st\u00e5l. Med gevind.<\/p>","protected":false},"featured_media":17002,"comment_status":"open","ping_status":"closed","template":"","meta":[],"product_brand":[],"product_cat":[257,91],"product_tag":[],"class_list":{"0":"post-15565","1":"product","2":"type-product","3":"status-publish","4":"has-post-thumbnail","6":"product_cat-gjaering-heimabrygg","7":"product_cat-heimabrygg","9":"first","10":"outofstock","11":"taxable","12":"shipping-taxable","13":"purchasable","14":"product-type-simple"},"_links":{"self":[{"href":"https:\/\/vossgass.no\/en\/wp-json\/wp\/v2\/product\/15565","targetHints":{"allow":["GET"]}}],"collection":[{"href":"https:\/\/vossgass.no\/en\/wp-json\/wp\/v2\/product"}],"about":[{"href":"https:\/\/vossgass.no\/en\/wp-json\/wp\/v2\/types\/product"}],"replies":[{"embeddable":true,"href":"https:\/\/vossgass.no\/en\/wp-json\/wp\/v2\/comments?post=15565"}],"wp:featuredmedia":[{"embeddable":true,"href":"https:\/\/vossgass.no\/en\/wp-json\/wp\/v2\/media\/17002"}],"wp:attachment":[{"href":"https:\/\/vossgass.no\/en\/wp-json\/wp\/v2\/media?parent=15565"}],"wp:term":[{"taxonomy":"product_brand","embeddable":true,"href":"https:\/\/vossgass.no\/en\/wp-json\/wp\/v2\/product_brand?post=15565"},{"taxonomy":"product_cat","embeddable":true,"href":"https:\/\/vossgass.no\/en\/wp-json\/wp\/v2\/product_cat?post=15565"},{"taxonomy":"product_tag","embeddable":true,"href":"https:\/\/vossgass.no\/en\/wp-json\/wp\/v2\/product_tag?post=15565"}],"curies":[{"name":"wp","href":"https:\/\/api.w.org\/{rel}","templated":true}]}}