{"id":15563,"date":"2025-04-15T17:38:40","date_gmt":"2025-04-15T15:38:40","guid":{"rendered":"https:\/\/vossgass.no\/produkt\/bucket-blaster-keg-and-fermenter-washer-kit\/"},"modified":"2026-03-26T14:53:54","modified_gmt":"2026-03-26T13:53:54","slug":"bucket-blaster-keg-and-fermenter-washer-kit","status":"publish","type":"product","link":"https:\/\/vossgass.no\/en\/product\/bucket-blaster-keg-and-fermenter-washer-kit\/","title":{"rendered":"Bucket Blaster, keg and fermenter washer kit"},"content":{"rendered":"","protected":false},"excerpt":{"rendered":"<p>Bucket Blaster er en &laquo;fatvasker&raquo; for fat og gj\u00e6ringskar.<\/p>\n<p>Med denne kan du enkelt rengj\u00f8re dine gj\u00e6ringstanker som f.eks. Fermzilla, PET gj\u00e6ringskar og dine \u00f8lfat.<\/p>\n<p>Oppsettet er sv\u00e6rt enkelt. Sett fatvaskeren i en vask eller b\u00f8tte med vann og det rengj\u00f8ringsmiddel som skal brukes, sett f.eks. det skitne \u00f8lfatet opp\u00e5 vaskeren og sett p\u00e5 pumpen og la fatvaskeren ta seg av rengj\u00f8ringsjobben!<br \/>\nN\u00e5r man rengj\u00f8r Corneliusfat kan man ogs\u00e5 koble til de medf\u00f8lgende ball-lock koblinger slik at man samtidig rengj\u00f8r \u00f8lfatets inn\/ut ventiler.<\/p>\n<p>Denne fat vaskeren kommer i en 15l b\u00f8tte som b\u00e5de gj\u00f8r nytten som en oppbevarings beholder og som beholder for vaskemiddel n\u00e5r fat-vaskeren er i bruk.<\/p>\n<p>Bucket Blaster har en kraftig pumpe som pumper over 33 l\/min.<\/p>\n<p>Settet best\u00e5r av:<br \/>\n&#8211; Pumpe<br \/>\n&#8211; En kraftig dyse<br \/>\n&#8211; 3\/8&#8243; EVABarrier slange<br \/>\n&#8211; Duotight 3\/8&#8243; T-stykke<br \/>\n&#8211; 1x Sort og 1x Gr\u00e5 ball lock til Cornelius fat<br \/>\n&#8211; Stativ i rustfritt st\u00e5l<br \/>\n&#8211; 15L b\u00f8tte<\/p>\n<p>Stikkord: Keg washer<\/p>","protected":false},"featured_media":17000,"comment_status":"open","ping_status":"closed","template":"","meta":[],"product_brand":[],"product_cat":[256,91],"product_tag":[],"class_list":{"0":"post-15563","1":"product","2":"type-product","3":"status-publish","4":"has-post-thumbnail","6":"product_cat-bryggeutstyr-heimabrygg","7":"product_cat-heimabrygg","9":"first","10":"outofstock","11":"taxable","12":"shipping-taxable","13":"purchasable","14":"product-type-simple"},"_links":{"self":[{"href":"https:\/\/vossgass.no\/en\/wp-json\/wp\/v2\/product\/15563","targetHints":{"allow":["GET"]}}],"collection":[{"href":"https:\/\/vossgass.no\/en\/wp-json\/wp\/v2\/product"}],"about":[{"href":"https:\/\/vossgass.no\/en\/wp-json\/wp\/v2\/types\/product"}],"replies":[{"embeddable":true,"href":"https:\/\/vossgass.no\/en\/wp-json\/wp\/v2\/comments?post=15563"}],"wp:featuredmedia":[{"embeddable":true,"href":"https:\/\/vossgass.no\/en\/wp-json\/wp\/v2\/media\/17000"}],"wp:attachment":[{"href":"https:\/\/vossgass.no\/en\/wp-json\/wp\/v2\/media?parent=15563"}],"wp:term":[{"taxonomy":"product_brand","embeddable":true,"href":"https:\/\/vossgass.no\/en\/wp-json\/wp\/v2\/product_brand?post=15563"},{"taxonomy":"product_cat","embeddable":true,"href":"https:\/\/vossgass.no\/en\/wp-json\/wp\/v2\/product_cat?post=15563"},{"taxonomy":"product_tag","embeddable":true,"href":"https:\/\/vossgass.no\/en\/wp-json\/wp\/v2\/product_tag?post=15563"}],"curies":[{"name":"wp","href":"https:\/\/api.w.org\/{rel}","templated":true}]}}