{"id":15561,"date":"2025-04-15T17:38:24","date_gmt":"2025-04-15T15:38:24","guid":{"rendered":"https:\/\/vossgass.no\/produkt\/nukatap-pakningssett-for-f-c-and-non-f-c\/"},"modified":"2026-02-27T11:54:32","modified_gmt":"2026-02-27T10:54:32","slug":"nukatap-pakningssett-for-f-c-and-non-f-c","status":"publish","type":"product","link":"https:\/\/vossgass.no\/en\/product\/nukatap-pakningssett-for-f-c-and-non-f-c\/","title":{"rendered":"Nukatap pakningssett (for F\/C and non F\/C)"},"content":{"rendered":"","protected":false},"excerpt":{"rendered":"<p>Pakningss\u00e6t til NukaTap Fad\u00f8lshane.<br \/>\nS\u00e6ttet passer til b\u00e5de alm. fad\u00f8lshane og med flow control. <\/p>","protected":false},"featured_media":16998,"comment_status":"open","ping_status":"closed","template":"","meta":[],"product_brand":[],"product_cat":[257,91],"product_tag":[],"class_list":{"0":"post-15561","1":"product","2":"type-product","3":"status-publish","4":"has-post-thumbnail","6":"product_cat-gjaering-heimabrygg","7":"product_cat-heimabrygg","9":"first","10":"instock","11":"taxable","12":"shipping-taxable","13":"purchasable","14":"product-type-simple"},"_links":{"self":[{"href":"https:\/\/vossgass.no\/en\/wp-json\/wp\/v2\/product\/15561","targetHints":{"allow":["GET"]}}],"collection":[{"href":"https:\/\/vossgass.no\/en\/wp-json\/wp\/v2\/product"}],"about":[{"href":"https:\/\/vossgass.no\/en\/wp-json\/wp\/v2\/types\/product"}],"replies":[{"embeddable":true,"href":"https:\/\/vossgass.no\/en\/wp-json\/wp\/v2\/comments?post=15561"}],"wp:featuredmedia":[{"embeddable":true,"href":"https:\/\/vossgass.no\/en\/wp-json\/wp\/v2\/media\/16998"}],"wp:attachment":[{"href":"https:\/\/vossgass.no\/en\/wp-json\/wp\/v2\/media?parent=15561"}],"wp:term":[{"taxonomy":"product_brand","embeddable":true,"href":"https:\/\/vossgass.no\/en\/wp-json\/wp\/v2\/product_brand?post=15561"},{"taxonomy":"product_cat","embeddable":true,"href":"https:\/\/vossgass.no\/en\/wp-json\/wp\/v2\/product_cat?post=15561"},{"taxonomy":"product_tag","embeddable":true,"href":"https:\/\/vossgass.no\/en\/wp-json\/wp\/v2\/product_tag?post=15561"}],"curies":[{"name":"wp","href":"https:\/\/api.w.org\/{rel}","templated":true}]}}