{"id":15560,"date":"2025-04-15T17:38:12","date_gmt":"2025-04-15T15:38:12","guid":{"rendered":"https:\/\/vossgass.no\/produkt\/kegland-mini-co2-charger-360-actuator\/"},"modified":"2026-04-12T22:57:56","modified_gmt":"2026-04-12T20:57:56","slug":"kegland-mini-co2-charger-360-actuator","status":"publish","type":"product","link":"https:\/\/vossgass.no\/en\/product\/kegland-mini-co2-charger-360-actuator\/","title":{"rendered":"Kegland Mini Co2 Charger, 360 Actuator"},"content":{"rendered":"","protected":false},"excerpt":{"rendered":"<p>Aktuator Regulator i robust og funktionelt design til Sodastram Co2 flasker samt patroner med gevind. Aktivering af Co2 flowet sker f\u00f8rst, n\u00e5r stemplet foroven skrues ned i Co2 flaskens pal eller penetrerer patronen, s\u00e5 intet Co2 g\u00e5r tabt eller slipper ud, inden Co2 flasken\/patronen er skruet helt p\u00e5 plads. Bundstykket skal skrues af regulatoren for montering p\u00e5 Sodastram Co2 flaske. Designet af regulatoren g\u00f8r, at Co2 flasken kan h\u00e6nge p\u00e5 siden af en Corneliusfustage.<\/p>\n<p>2 udgange, en i 45\u00b0 graders vinkel, som passer til alm. plastik ball locks og en i 90\u00b0 graders vinkel til rustfri st\u00e5l ball locks.<\/p>\n<p>Tilkobling med gevind, der passer til ball locks.<br \/>\n6.5 mm tilkobling, der passer til duotight fitting reducer hun\/hun 8-6,5 mm, samt slanger med en diameter mellem 4-6 mm.<br \/>\nManometeret er godt beskyttet af metalhus. Manometeret kan udskiftes med andre skalaer.<\/p>\n<p>Sikkerhedsventil p\u00e5 4,5 bar\/65 psi, der kan udskiftes med andre sikkerhedsventiler.<\/p>\n<p>OBS passer ikke p\u00e5 2 og 6 kg Co2 flasker.<\/p>\n<p>ADVARSEL<\/p>\n<p>Oversp\u00e6nd ikke regulatoren p\u00e5 Co2 flasken. Det anbefales at holde sodastream flasken med en n\u00f8gle ved p\u00e5 og af montering af regulatoren.<\/p>","protected":false},"featured_media":16997,"comment_status":"open","ping_status":"closed","template":"","meta":[],"product_brand":[],"product_cat":[257,91],"product_tag":[],"class_list":{"0":"post-15560","1":"product","2":"type-product","3":"status-publish","4":"has-post-thumbnail","6":"product_cat-gjaering-heimabrygg","7":"product_cat-heimabrygg","9":"first","10":"instock","11":"taxable","12":"shipping-taxable","13":"purchasable","14":"product-type-simple"},"_links":{"self":[{"href":"https:\/\/vossgass.no\/en\/wp-json\/wp\/v2\/product\/15560","targetHints":{"allow":["GET"]}}],"collection":[{"href":"https:\/\/vossgass.no\/en\/wp-json\/wp\/v2\/product"}],"about":[{"href":"https:\/\/vossgass.no\/en\/wp-json\/wp\/v2\/types\/product"}],"replies":[{"embeddable":true,"href":"https:\/\/vossgass.no\/en\/wp-json\/wp\/v2\/comments?post=15560"}],"wp:featuredmedia":[{"embeddable":true,"href":"https:\/\/vossgass.no\/en\/wp-json\/wp\/v2\/media\/16997"}],"wp:attachment":[{"href":"https:\/\/vossgass.no\/en\/wp-json\/wp\/v2\/media?parent=15560"}],"wp:term":[{"taxonomy":"product_brand","embeddable":true,"href":"https:\/\/vossgass.no\/en\/wp-json\/wp\/v2\/product_brand?post=15560"},{"taxonomy":"product_cat","embeddable":true,"href":"https:\/\/vossgass.no\/en\/wp-json\/wp\/v2\/product_cat?post=15560"},{"taxonomy":"product_tag","embeddable":true,"href":"https:\/\/vossgass.no\/en\/wp-json\/wp\/v2\/product_tag?post=15560"}],"curies":[{"name":"wp","href":"https:\/\/api.w.org\/{rel}","templated":true}]}}