{"id":15557,"date":"2025-04-15T17:37:45","date_gmt":"2025-04-15T15:37:45","guid":{"rendered":"https:\/\/vossgass.no\/produkt\/regulatorsett-60-cm-for-gassovn-etc\/"},"modified":"2026-03-25T16:16:30","modified_gmt":"2026-03-25T15:16:30","slug":"regulatorsett-60-cm-for-gassovn-etc","status":"publish","type":"product","link":"https:\/\/vossgass.no\/en\/product\/regulatorsett-60-cm-for-gassovn-etc\/","title":{"rendered":"Regulatorsett 60 cm for gassovn etc"},"content":{"rendered":"","protected":false},"excerpt":{"rendered":"<p>Regulator sett med 60 cm slange<\/p>\n<p>God regulator p\u00e5 30mbar med proff propan slange myntet p\u00e5 industrien, slank og myk. Slangeklemmer f\u00f8lger med.<\/p>","protected":false},"featured_media":19393,"comment_status":"open","ping_status":"closed","template":"","meta":[],"product_brand":[],"product_cat":[318,454,452],"product_tag":[],"class_list":{"0":"post-15557","1":"product","2":"type-product","3":"status-publish","4":"has-post-thumbnail","6":"product_cat-gass-og-gassutstyr","7":"product_cat-lavtrykk-regulatorer-overganger","8":"product_cat-regulatorer-overganger","10":"first","11":"instock","12":"taxable","13":"shipping-taxable","14":"purchasable","15":"product-type-simple"},"_links":{"self":[{"href":"https:\/\/vossgass.no\/en\/wp-json\/wp\/v2\/product\/15557","targetHints":{"allow":["GET"]}}],"collection":[{"href":"https:\/\/vossgass.no\/en\/wp-json\/wp\/v2\/product"}],"about":[{"href":"https:\/\/vossgass.no\/en\/wp-json\/wp\/v2\/types\/product"}],"replies":[{"embeddable":true,"href":"https:\/\/vossgass.no\/en\/wp-json\/wp\/v2\/comments?post=15557"}],"wp:featuredmedia":[{"embeddable":true,"href":"https:\/\/vossgass.no\/en\/wp-json\/wp\/v2\/media\/19393"}],"wp:attachment":[{"href":"https:\/\/vossgass.no\/en\/wp-json\/wp\/v2\/media?parent=15557"}],"wp:term":[{"taxonomy":"product_brand","embeddable":true,"href":"https:\/\/vossgass.no\/en\/wp-json\/wp\/v2\/product_brand?post=15557"},{"taxonomy":"product_cat","embeddable":true,"href":"https:\/\/vossgass.no\/en\/wp-json\/wp\/v2\/product_cat?post=15557"},{"taxonomy":"product_tag","embeddable":true,"href":"https:\/\/vossgass.no\/en\/wp-json\/wp\/v2\/product_tag?post=15557"}],"curies":[{"name":"wp","href":"https:\/\/api.w.org\/{rel}","templated":true}]}}