{"id":15555,"date":"2025-04-15T17:37:21","date_gmt":"2025-04-15T15:37:21","guid":{"rendered":"https:\/\/vossgass.no\/produkt\/kabelgjennomforing-hvit-dobbel\/"},"modified":"2025-12-19T18:47:37","modified_gmt":"2025-12-19T17:47:37","slug":"kabelgjennomforing-hvit-dobbel","status":"publish","type":"product","link":"https:\/\/vossgass.no\/en\/product\/kabelgjennomforing-hvit-dobbel\/","title":{"rendered":"Kabelgjennomf\u00f8ring hvit (dobbel)"},"content":{"rendered":"","protected":false},"excerpt":{"rendered":"<p>Kabelgjennomf\u00f8ring hvit (dobbel)<\/p>\n<p>Dobbel gjennomf\u00f8ring brukes til \u00e5 f\u00f8re f.eks solcellekabel gjennom tak e.l<br \/>\nGod kvalitet og bred overflate slik at limet sitter godt<\/p>\n<p>Tekniske data:<br \/>\nTo kabelinnganger<br \/>\nHolder kabler med en diameter p\u00e5 4-12mm tett<br \/>\nIP68 tetningsgrad<br \/>\nLaget av ABS plast<br \/>\nAerodynamisk utforming forhindrer kj\u00f8rest\u00f8y<br \/>\nHvit og diskret<br \/>\nUV og v\u00e6rbestandig<\/p>\n<p>St\u00f8rrelse\t130x95x40 mm<br \/>\nVekt\t165 g<\/p>","protected":false},"featured_media":16992,"comment_status":"open","ping_status":"closed","template":"","meta":[],"product_brand":[],"product_cat":[260,516],"product_tag":[],"class_list":{"0":"post-15555","1":"product","2":"type-product","3":"status-publish","4":"has-post-thumbnail","6":"product_cat-hytte-camping-fritid","7":"product_cat-solenergi-12-v-m-m-hytte-camping-fritid-2","9":"first","10":"outofstock","11":"taxable","12":"shipping-taxable","13":"purchasable","14":"product-type-simple"},"_links":{"self":[{"href":"https:\/\/vossgass.no\/en\/wp-json\/wp\/v2\/product\/15555","targetHints":{"allow":["GET"]}}],"collection":[{"href":"https:\/\/vossgass.no\/en\/wp-json\/wp\/v2\/product"}],"about":[{"href":"https:\/\/vossgass.no\/en\/wp-json\/wp\/v2\/types\/product"}],"replies":[{"embeddable":true,"href":"https:\/\/vossgass.no\/en\/wp-json\/wp\/v2\/comments?post=15555"}],"wp:featuredmedia":[{"embeddable":true,"href":"https:\/\/vossgass.no\/en\/wp-json\/wp\/v2\/media\/16992"}],"wp:attachment":[{"href":"https:\/\/vossgass.no\/en\/wp-json\/wp\/v2\/media?parent=15555"}],"wp:term":[{"taxonomy":"product_brand","embeddable":true,"href":"https:\/\/vossgass.no\/en\/wp-json\/wp\/v2\/product_brand?post=15555"},{"taxonomy":"product_cat","embeddable":true,"href":"https:\/\/vossgass.no\/en\/wp-json\/wp\/v2\/product_cat?post=15555"},{"taxonomy":"product_tag","embeddable":true,"href":"https:\/\/vossgass.no\/en\/wp-json\/wp\/v2\/product_tag?post=15555"}],"curies":[{"name":"wp","href":"https:\/\/api.w.org\/{rel}","templated":true}]}}