{"id":15553,"date":"2025-04-15T17:37:02","date_gmt":"2025-04-15T15:37:02","guid":{"rendered":"https:\/\/vossgass.no\/produkt\/duotight-8-mm-ball-lock-for-co2\/"},"modified":"2026-04-01T22:42:45","modified_gmt":"2026-04-01T20:42:45","slug":"duotight-8-mm-ball-lock-for-co2","status":"publish","type":"product","link":"https:\/\/vossgass.no\/en\/product\/duotight-8-mm-ball-lock-for-co2\/","title":{"rendered":"Duotight 8 mm Ball Lock for Co2"},"content":{"rendered":"","protected":false},"excerpt":{"rendered":"<p>Duotight 8mm Ball lock for Co2.<br \/>\nBall lock kobling med fastmontert 8mm (5\/16&#8243;) hurtigkobling!<\/p>\n<p>Dette geniale produktet fra Kegland gj\u00f8r at man slipper \u00e5 bruke ball lock med gjenger + overgang med hurtigkobling.<br \/>\nI tillegg er den mye mer kompakt (kun 4,19cm h\u00f8y) og har 90\u00b0 vinkel. H\u00f8yden gj\u00f8r at Corneliusfat kan stables med koblinger festet p\u00e5 fatet!<\/p>\n<p>R\u00f8d \/ Gr\u00e5 kobling er for CO2 (inn p\u00e5 fatet)<br \/>\nGul \/ Sort kobling er for \u00f8l (ut av fatet)<\/p>","protected":false},"featured_media":16990,"comment_status":"open","ping_status":"closed","template":"","meta":[],"product_brand":[],"product_cat":[256,91],"product_tag":[],"class_list":{"0":"post-15553","1":"product","2":"type-product","3":"status-publish","4":"has-post-thumbnail","6":"product_cat-bryggeutstyr-heimabrygg","7":"product_cat-heimabrygg","9":"first","10":"outofstock","11":"taxable","12":"shipping-taxable","13":"purchasable","14":"product-type-simple"},"_links":{"self":[{"href":"https:\/\/vossgass.no\/en\/wp-json\/wp\/v2\/product\/15553","targetHints":{"allow":["GET"]}}],"collection":[{"href":"https:\/\/vossgass.no\/en\/wp-json\/wp\/v2\/product"}],"about":[{"href":"https:\/\/vossgass.no\/en\/wp-json\/wp\/v2\/types\/product"}],"replies":[{"embeddable":true,"href":"https:\/\/vossgass.no\/en\/wp-json\/wp\/v2\/comments?post=15553"}],"wp:featuredmedia":[{"embeddable":true,"href":"https:\/\/vossgass.no\/en\/wp-json\/wp\/v2\/media\/16990"}],"wp:attachment":[{"href":"https:\/\/vossgass.no\/en\/wp-json\/wp\/v2\/media?parent=15553"}],"wp:term":[{"taxonomy":"product_brand","embeddable":true,"href":"https:\/\/vossgass.no\/en\/wp-json\/wp\/v2\/product_brand?post=15553"},{"taxonomy":"product_cat","embeddable":true,"href":"https:\/\/vossgass.no\/en\/wp-json\/wp\/v2\/product_cat?post=15553"},{"taxonomy":"product_tag","embeddable":true,"href":"https:\/\/vossgass.no\/en\/wp-json\/wp\/v2\/product_tag?post=15553"}],"curies":[{"name":"wp","href":"https:\/\/api.w.org\/{rel}","templated":true}]}}