{"id":15536,"date":"2025-04-15T17:33:49","date_gmt":"2025-04-15T15:33:49","guid":{"rendered":"https:\/\/vossgass.no\/produkt\/krannokkel-til-perlick\/"},"modified":"2025-09-23T12:20:23","modified_gmt":"2025-09-23T10:20:23","slug":"krannokkel-til-perlick","status":"publish","type":"product","link":"https:\/\/vossgass.no\/en\/product\/krannokkel-til-perlick\/","title":{"rendered":"Krann\u00f8kkel til Perlick"},"content":{"rendered":"","protected":false},"excerpt":{"rendered":"<p>Kran til \u00e5 feste perlick-kran til gjennomf\u00f8ring<\/p>\n<p>Modell kan avike fra bilde<\/p>","protected":false},"featured_media":16973,"comment_status":"open","ping_status":"closed","template":"","meta":[],"product_brand":[],"product_cat":[257,91],"product_tag":[],"class_list":{"0":"post-15536","1":"product","2":"type-product","3":"status-publish","4":"has-post-thumbnail","6":"product_cat-gjaering-heimabrygg","7":"product_cat-heimabrygg","9":"first","10":"outofstock","11":"taxable","12":"shipping-taxable","13":"purchasable","14":"product-type-simple"},"_links":{"self":[{"href":"https:\/\/vossgass.no\/en\/wp-json\/wp\/v2\/product\/15536","targetHints":{"allow":["GET"]}}],"collection":[{"href":"https:\/\/vossgass.no\/en\/wp-json\/wp\/v2\/product"}],"about":[{"href":"https:\/\/vossgass.no\/en\/wp-json\/wp\/v2\/types\/product"}],"replies":[{"embeddable":true,"href":"https:\/\/vossgass.no\/en\/wp-json\/wp\/v2\/comments?post=15536"}],"wp:featuredmedia":[{"embeddable":true,"href":"https:\/\/vossgass.no\/en\/wp-json\/wp\/v2\/media\/16973"}],"wp:attachment":[{"href":"https:\/\/vossgass.no\/en\/wp-json\/wp\/v2\/media?parent=15536"}],"wp:term":[{"taxonomy":"product_brand","embeddable":true,"href":"https:\/\/vossgass.no\/en\/wp-json\/wp\/v2\/product_brand?post=15536"},{"taxonomy":"product_cat","embeddable":true,"href":"https:\/\/vossgass.no\/en\/wp-json\/wp\/v2\/product_cat?post=15536"},{"taxonomy":"product_tag","embeddable":true,"href":"https:\/\/vossgass.no\/en\/wp-json\/wp\/v2\/product_tag?post=15536"}],"curies":[{"name":"wp","href":"https:\/\/api.w.org\/{rel}","templated":true}]}}