{"id":15534,"date":"2025-04-15T17:33:32","date_gmt":"2025-04-15T15:33:32","guid":{"rendered":"https:\/\/vossgass.no\/produkt\/inverter-12v-600w-ren-sinus-skanbatt\/"},"modified":"2026-03-03T11:51:46","modified_gmt":"2026-03-03T10:51:46","slug":"inverter-12v-600w-ren-sinus-skanbatt","status":"publish","type":"product","link":"https:\/\/vossgass.no\/en\/product\/inverter-12v-600w-ren-sinus-skanbatt\/","title":{"rendered":"Inverter 12V 600W Ren Sinus SKANBATT"},"content":{"rendered":"","protected":false},"excerpt":{"rendered":"<p>SKANBATT Inverter 12V 600W Ren Sinus<\/p>\n<p>Skanbatt ren sinus inverter levere helt &laquo;ren&raquo; str\u00f8m og kan brukes til alt utstyr, ogs\u00e5 \u00f8mfintlig elektronikk.<br \/>\nInvertere av denne typen brukes dersom man \u00f8nsker muligheten for 230V (AC) ut av en batteribank (DC) p\u00e5 f.eks hytta, bobilen eller b\u00e5ten<br \/>\nInverteren har et digitalt display i fronten som gir deg informasjon om batterispenning, frekvens og temperatur.<br \/>\nDen har ogs\u00e5 en egen USB utgang som kan benyttes til lading av mobiltelefoner etc<br \/>\nTekniske data:<br \/>\nKontinuerlig effekt: 600W<br \/>\nPeak effekt (kortvarig): 1200W<br \/>\nInn-spenning: 12V DC<br \/>\nUt-spenning: 230V AC<br \/>\nFrekvens: 50Hz<br \/>\nUSB Port: 5V 500mA<br \/>\nEffektivitet: 90%<br \/>\nEget forbruk uten last: Under 0,66 A<br \/>\nAlarm for lav batterispenning: 10,5V &#8211; 11,5V<br \/>\nBatterispenning hvor inverter sl\u00e5r seg av: 9,5 &#8211; 10,5V<br \/>\nKj\u00f8levifte: 1stk temperaturstyrt<br \/>\n230V kontakt: 1stk Schuko<br \/>\nSertifikater: CE, RoHS, FCC<br \/>\nDimensjoner: 205x112x58mm<br \/>\nVekt: 0,95kg<br \/>\nInverteren er utstyrt med sikring p\u00e5 inngang (DC) og elektronisk overbelastningsbeskyttelse p\u00e5 utgang (AC)<br \/>\nAutomatisk &laquo;shut off&raquo; ved for lav batterispenning, for h\u00f8y batterispenning eller for h\u00f8y temperatur<\/p>\n<p>Dersom produktet skal brukes i en fast installasjon med spenning over 50 volt eller effekt over 200VA s\u00e5 m\u00e5 det installeres av en registrert installasjonsvirksomhet.<\/p>\n<p>Innspenning\t12V<br \/>\nUtspenning\t230V<br \/>\nEffekt\t600W<br \/>\nSinuskurve\tRen sinus<br \/>\nFjernkontroll\tNei<br \/>\nNettprioritering\tNei<br \/>\nSt\u00f8rrelse\t205x112x58 mm<br \/>\nVekt\t950 g<\/p>","protected":false},"featured_media":16971,"comment_status":"open","ping_status":"closed","template":"","meta":[],"product_brand":[],"product_cat":[260,516],"product_tag":[],"class_list":{"0":"post-15534","1":"product","2":"type-product","3":"status-publish","4":"has-post-thumbnail","6":"product_cat-hytte-camping-fritid","7":"product_cat-solenergi-12-v-m-m-hytte-camping-fritid-2","9":"first","10":"instock","11":"taxable","12":"shipping-taxable","13":"purchasable","14":"product-type-simple"},"_links":{"self":[{"href":"https:\/\/vossgass.no\/en\/wp-json\/wp\/v2\/product\/15534","targetHints":{"allow":["GET"]}}],"collection":[{"href":"https:\/\/vossgass.no\/en\/wp-json\/wp\/v2\/product"}],"about":[{"href":"https:\/\/vossgass.no\/en\/wp-json\/wp\/v2\/types\/product"}],"replies":[{"embeddable":true,"href":"https:\/\/vossgass.no\/en\/wp-json\/wp\/v2\/comments?post=15534"}],"wp:featuredmedia":[{"embeddable":true,"href":"https:\/\/vossgass.no\/en\/wp-json\/wp\/v2\/media\/16971"}],"wp:attachment":[{"href":"https:\/\/vossgass.no\/en\/wp-json\/wp\/v2\/media?parent=15534"}],"wp:term":[{"taxonomy":"product_brand","embeddable":true,"href":"https:\/\/vossgass.no\/en\/wp-json\/wp\/v2\/product_brand?post=15534"},{"taxonomy":"product_cat","embeddable":true,"href":"https:\/\/vossgass.no\/en\/wp-json\/wp\/v2\/product_cat?post=15534"},{"taxonomy":"product_tag","embeddable":true,"href":"https:\/\/vossgass.no\/en\/wp-json\/wp\/v2\/product_tag?post=15534"}],"curies":[{"name":"wp","href":"https:\/\/api.w.org\/{rel}","templated":true}]}}