{"id":15531,"date":"2025-04-15T17:32:49","date_gmt":"2025-04-15T15:32:49","guid":{"rendered":"https:\/\/vossgass.no\/produkt\/skanbatt-solventilator-sv-60-med-luftvolum-t-105m3\/"},"modified":"2026-03-03T11:56:25","modified_gmt":"2026-03-03T10:56:25","slug":"skanbatt-solventilator-sv-60-med-luftvolum-t-105m3","status":"publish","type":"product","link":"https:\/\/vossgass.no\/en\/product\/skanbatt-solventilator-sv-60-med-luftvolum-t-105m3\/","title":{"rendered":"SKANBATT Solventilator SV-60 med luftvolum\/t 105m3"},"content":{"rendered":"","protected":false},"excerpt":{"rendered":"<p>M\u00c5 HENTAST I BUTIKK ELLER AVTALE LEVERING\/SENDING I FORKANT AV KJ\u00d8P<\/p>\n<p>SKANBATT Solventilator SV-60 med luftvolum\/t 105m3<\/p>\n<p>Meget effektiv solventilator som bedrer innemilj\u00f8et og bidrar til t\u00f8rrere luft.<br \/>\nBrukes prim\u00e6rt p\u00e5 hytter uten str\u00f8m, med kan ogs\u00e5 fint brukes andre steder hvor man setter pris p\u00e5 godt inneklima.<br \/>\nMed en solventilator unng\u00e5r du r\u00e5tt og fuktig senget\u00f8y, og hytten er mye enklere \u00e5 fyre opp ved ankomst en kald vinterkveld.<br \/>\nMange bruker ogs\u00e5 solventilatorer i kjellere og garasjer hvor man ogs\u00e5 kan ha problemer med fuktig og r\u00e5tt inneklima.<\/p>\n<p>Slik fungerer det:<br \/>\nDen innebygde solenergidrevne DC viften suger kj\u00f8lig eller frisk luft fra det ene eller begge luftinntakene avhengig av om du \u00f8nsker oppvarming eller utskifting av luften.<br \/>\nDen friske luften bl\u00e5ser inn gjennom luftinntaket, og den medf\u00f8lgende termostaten lar deg stille ventilatoren inn p\u00e5 \u00f8nsket temperatur.<br \/>\nSolventilatoren er utstyrt med en helt spesielt og meget effektiv overflate som gir deg den aller beste effekten.<br \/>\nSolventilatoren skifter ut luften ca hver andre time, dersom den er dimensjonert riktig i forhold til rom og at den er montert under riktige forhold.<br \/>\nTemperatur styres med termostat man monterer innend\u00f8rs<\/p>\n<p>Tekniske data:<br \/>\nAnbefalt romst\u00f8rrelse: ca 60m2<br \/>\nMaks luftvolum: 105m3\/t<br \/>\nVarme effektivitet: 70%<br \/>\nVarme effekt: ca 800W<br \/>\nPotensiell temperatur\u00f8kning: 25 grader<br \/>\nSt\u00f8yniv\u00e5: Ca 48db<br \/>\nDimensjoner: 1210x920x62mm<br \/>\nSolcellepanel: 18W<br \/>\nVekt: ca 25kg<\/p>\n<p>Enkel montering, se video her: https:\/\/www.youtube.com\/watch?v=Y3OdxAujMs4&amp;t=6s<\/p>","protected":false},"featured_media":16968,"comment_status":"open","ping_status":"closed","template":"","meta":[],"product_brand":[],"product_cat":[260,516],"product_tag":[],"class_list":{"0":"post-15531","1":"product","2":"type-product","3":"status-publish","4":"has-post-thumbnail","6":"product_cat-hytte-camping-fritid","7":"product_cat-solenergi-12-v-m-m-hytte-camping-fritid-2","8":"product_shipping_class-kan-ikke-sendes","10":"first","11":"instock","12":"taxable","13":"shipping-taxable","14":"purchasable","15":"product-type-simple"},"_links":{"self":[{"href":"https:\/\/vossgass.no\/en\/wp-json\/wp\/v2\/product\/15531","targetHints":{"allow":["GET"]}}],"collection":[{"href":"https:\/\/vossgass.no\/en\/wp-json\/wp\/v2\/product"}],"about":[{"href":"https:\/\/vossgass.no\/en\/wp-json\/wp\/v2\/types\/product"}],"replies":[{"embeddable":true,"href":"https:\/\/vossgass.no\/en\/wp-json\/wp\/v2\/comments?post=15531"}],"wp:featuredmedia":[{"embeddable":true,"href":"https:\/\/vossgass.no\/en\/wp-json\/wp\/v2\/media\/16968"}],"wp:attachment":[{"href":"https:\/\/vossgass.no\/en\/wp-json\/wp\/v2\/media?parent=15531"}],"wp:term":[{"taxonomy":"product_brand","embeddable":true,"href":"https:\/\/vossgass.no\/en\/wp-json\/wp\/v2\/product_brand?post=15531"},{"taxonomy":"product_cat","embeddable":true,"href":"https:\/\/vossgass.no\/en\/wp-json\/wp\/v2\/product_cat?post=15531"},{"taxonomy":"product_tag","embeddable":true,"href":"https:\/\/vossgass.no\/en\/wp-json\/wp\/v2\/product_tag?post=15531"}],"curies":[{"name":"wp","href":"https:\/\/api.w.org\/{rel}","templated":true}]}}