{"id":15526,"date":"2025-04-15T17:31:52","date_gmt":"2025-04-15T15:31:52","guid":{"rendered":"https:\/\/vossgass.no\/produkt\/vera-gassovn-42kw-mini\/"},"modified":"2026-02-04T14:36:56","modified_gmt":"2026-02-04T13:36:56","slug":"vera-gassovn-42kw-mini","status":"publish","type":"product","link":"https:\/\/vossgass.no\/en\/product\/vera-gassovn-42kw-mini\/","title":{"rendered":"Vera Gassovn 4,2Kw Mini"},"content":{"rendered":"","protected":false},"excerpt":{"rendered":"<p>VERA Gassovn 4,2kW kompakt er kun 55cm h\u00f8y. Varm opp rommet raskt og effektivt med denne plasseringsvennlige gassovnen som kan gi inntil 4200W effekt! Perfekt for rask oppvarming av hytta, garasjen eller hjemme. Bruker du gassovn som tilleggsvarme s\u00e5 kan dette v\u00e6re l\u00f8nnsomt, fordi du kan tillate en lavere temperatur i perioder du ikke benytter boligen\/hytta.<\/p>\n<p>Gassovnen er utstyrt med veltesikring og karbondioksidvakt (ODS (sensor for m\u00e5ling av oksygen) som sikrer at ovnen automatisk vil skru seg av hvis oksygenniv\u00e5et i rommet blir for lavt) for \u00e5 sikre en trygg bruk. <\/p>\n<p>Informasjon om VERA Gassovn 4,2kW Mini:<br \/>\nOvnen har 3 varmetrinn p\u00e5 hhv 1400W, 2800W og 4200W.<br \/>\nUtstyrt med veltesikring og karbondioksidvakt.<br \/>\nOvnen har plass til en liten propanflaske i bakkant (5kg).<br \/>\nEnkel montering m\/f\u00e5 skruer. Fastn\u00f8kkel samt skrujern for montering medf\u00f8lger i pakken.<br \/>\nVi tilbyr rimelig slange og regulator av h\u00f8y kvalitet (ekstrautstyr).<\/p>\n<p>NB!<br \/>\nIkke alle gassovner fungerer h\u00f8yt til fjells hvor det er tynnere luft. Vera gassovn er utstyrt med dyser som er konstruert for \u00e5 fungerer like godt p\u00e5 1100 moh som i lavlandet.<\/p>","protected":false},"featured_media":16963,"comment_status":"open","ping_status":"closed","template":"","meta":[],"product_brand":[],"product_cat":[626,260,262],"product_tag":[],"class_list":{"0":"post-15526","1":"product","2":"type-product","3":"status-publish","4":"has-post-thumbnail","6":"product_cat-gassovner","7":"product_cat-hytte-camping-fritid","8":"product_cat-oppvarming-hytte-camping-fritid-2","10":"first","11":"outofstock","12":"taxable","13":"shipping-taxable","14":"purchasable","15":"product-type-simple"},"_links":{"self":[{"href":"https:\/\/vossgass.no\/en\/wp-json\/wp\/v2\/product\/15526","targetHints":{"allow":["GET"]}}],"collection":[{"href":"https:\/\/vossgass.no\/en\/wp-json\/wp\/v2\/product"}],"about":[{"href":"https:\/\/vossgass.no\/en\/wp-json\/wp\/v2\/types\/product"}],"replies":[{"embeddable":true,"href":"https:\/\/vossgass.no\/en\/wp-json\/wp\/v2\/comments?post=15526"}],"wp:featuredmedia":[{"embeddable":true,"href":"https:\/\/vossgass.no\/en\/wp-json\/wp\/v2\/media\/16963"}],"wp:attachment":[{"href":"https:\/\/vossgass.no\/en\/wp-json\/wp\/v2\/media?parent=15526"}],"wp:term":[{"taxonomy":"product_brand","embeddable":true,"href":"https:\/\/vossgass.no\/en\/wp-json\/wp\/v2\/product_brand?post=15526"},{"taxonomy":"product_cat","embeddable":true,"href":"https:\/\/vossgass.no\/en\/wp-json\/wp\/v2\/product_cat?post=15526"},{"taxonomy":"product_tag","embeddable":true,"href":"https:\/\/vossgass.no\/en\/wp-json\/wp\/v2\/product_tag?post=15526"}],"curies":[{"name":"wp","href":"https:\/\/api.w.org\/{rel}","templated":true}]}}