{"id":15510,"date":"2025-04-15T17:28:58","date_gmt":"2025-04-15T15:28:58","guid":{"rendered":"https:\/\/vossgass.no\/produkt\/gassboks-supergas-336-g-7-16\/"},"modified":"2026-03-03T12:35:42","modified_gmt":"2026-03-03T11:35:42","slug":"gassboks-supergas-336-g-7-16","status":"publish","type":"product","link":"https:\/\/vossgass.no\/en\/product\/gassboks-supergas-336-g-7-16\/","title":{"rendered":"Gassboks Supergas 336 g 7\/16"},"content":{"rendered":"","protected":false},"excerpt":{"rendered":"<p>M\u00c5 HENTAST I BUTIKKEN ELLER AVTALE ALTERNATIV L\u00d8YSING f\u00f8r kj\u00f8p. <\/p>\n<p>Kemper Supergas gassboks til b\u00e5de proff og hobby brukeren.<br \/>\nSelvstengende ventil.<br \/>\nFlasken er ikke fyllbar.<\/p>\n<p>Innhold: Propan\/Butan<br \/>\nMengde: 330g<br \/>\nFlasketilkobling: 7\/16 ventilboksgjenger<\/p>","protected":false},"featured_media":16947,"comment_status":"open","ping_status":"closed","template":"","meta":[],"product_brand":[],"product_cat":[318,459,603],"product_tag":[],"class_list":{"0":"post-15510","1":"product","2":"type-product","3":"status-publish","4":"has-post-thumbnail","6":"product_cat-gass-og-gassutstyr","7":"product_cat-gassflaskerer-propan","8":"product_cat-nykjop","9":"product_shipping_class-kan-ikke-sendes","11":"first","12":"instock","13":"taxable","14":"shipping-taxable","15":"purchasable","16":"product-type-simple"},"_links":{"self":[{"href":"https:\/\/vossgass.no\/en\/wp-json\/wp\/v2\/product\/15510","targetHints":{"allow":["GET"]}}],"collection":[{"href":"https:\/\/vossgass.no\/en\/wp-json\/wp\/v2\/product"}],"about":[{"href":"https:\/\/vossgass.no\/en\/wp-json\/wp\/v2\/types\/product"}],"replies":[{"embeddable":true,"href":"https:\/\/vossgass.no\/en\/wp-json\/wp\/v2\/comments?post=15510"}],"wp:featuredmedia":[{"embeddable":true,"href":"https:\/\/vossgass.no\/en\/wp-json\/wp\/v2\/media\/16947"}],"wp:attachment":[{"href":"https:\/\/vossgass.no\/en\/wp-json\/wp\/v2\/media?parent=15510"}],"wp:term":[{"taxonomy":"product_brand","embeddable":true,"href":"https:\/\/vossgass.no\/en\/wp-json\/wp\/v2\/product_brand?post=15510"},{"taxonomy":"product_cat","embeddable":true,"href":"https:\/\/vossgass.no\/en\/wp-json\/wp\/v2\/product_cat?post=15510"},{"taxonomy":"product_tag","embeddable":true,"href":"https:\/\/vossgass.no\/en\/wp-json\/wp\/v2\/product_tag?post=15510"}],"curies":[{"name":"wp","href":"https:\/\/api.w.org\/{rel}","templated":true}]}}