{"id":15508,"date":"2025-04-15T17:28:39","date_gmt":"2025-04-15T15:28:39","guid":{"rendered":"https:\/\/vossgass.no\/produkt\/cinderella-freedom-installasjonskit-komplett\/"},"modified":"2025-12-12T15:21:32","modified_gmt":"2025-12-12T14:21:32","slug":"cinderella-freedom-installasjonskit-komplett","status":"publish","type":"product","link":"https:\/\/vossgass.no\/en\/product\/cinderella-freedom-installasjonskit-komplett\/","title":{"rendered":"Cinderella Freedom Installasjonskit KOMPLETT"},"content":{"rendered":"","protected":false},"excerpt":{"rendered":"<p>Denne installasjonspakken inneholder alt du trenger til en optimal installasjon av Cinderella Freedom forbrenningstoalett.  <\/p>\n<p>Etter stor ettersp\u00f8rsel er matt sort n\u00e5 standard farge i v\u00e5re installasjonspakker. De nye r\u00f8rene er spesielt egnet for ventilasjon, og er i tillegg UV-stabiliserte og vil dermed ikke falme over tid. R\u00f8rene matcher v\u00e5r nye pipehatt og installasjonen som helhet vil passe de fleste eksteri\u00f8rer.  <\/p>\n<p>Pipehatten er viktig for optimal forbrenning, og bidrar til \u00e5 holde ventilasjonsr\u00f8ret fri for kvist, l\u00f8v og annet rusk. V\u00e5r nye pipehatt har nytt, str\u00f8mlinjeformet design, gir mindre motstand og bidrar dermed til 20% bedre luftgjennomstr\u00f8mning i r\u00f8ret. <\/p>\n<p>Installasjonspakken inneholder:  <\/p>\n<p>1 x Innluftsventil <\/p>\n<p>1 x Pipehatt <\/p>\n<p>1 x Bend 87 grader <\/p>\n<p>1 x Gassregulator <\/p>\n<p>3 x R\u00f8rklemmer\/fester <\/p>\n<p>2 x R\u00f8r 500 mm <\/p>\n<p>5 x R\u00f8r m\/muffe 1000 mm <\/p>","protected":false},"featured_media":16945,"comment_status":"open","ping_status":"closed","template":"","meta":[],"product_brand":[],"product_cat":[260,498],"product_tag":[],"class_list":{"0":"post-15508","1":"product","2":"type-product","3":"status-publish","4":"has-post-thumbnail","6":"product_cat-hytte-camping-fritid","7":"product_cat-toalett-vann-avlop","9":"first","10":"outofstock","11":"taxable","12":"shipping-taxable","13":"purchasable","14":"product-type-simple"},"_links":{"self":[{"href":"https:\/\/vossgass.no\/en\/wp-json\/wp\/v2\/product\/15508","targetHints":{"allow":["GET"]}}],"collection":[{"href":"https:\/\/vossgass.no\/en\/wp-json\/wp\/v2\/product"}],"about":[{"href":"https:\/\/vossgass.no\/en\/wp-json\/wp\/v2\/types\/product"}],"replies":[{"embeddable":true,"href":"https:\/\/vossgass.no\/en\/wp-json\/wp\/v2\/comments?post=15508"}],"wp:featuredmedia":[{"embeddable":true,"href":"https:\/\/vossgass.no\/en\/wp-json\/wp\/v2\/media\/16945"}],"wp:attachment":[{"href":"https:\/\/vossgass.no\/en\/wp-json\/wp\/v2\/media?parent=15508"}],"wp:term":[{"taxonomy":"product_brand","embeddable":true,"href":"https:\/\/vossgass.no\/en\/wp-json\/wp\/v2\/product_brand?post=15508"},{"taxonomy":"product_cat","embeddable":true,"href":"https:\/\/vossgass.no\/en\/wp-json\/wp\/v2\/product_cat?post=15508"},{"taxonomy":"product_tag","embeddable":true,"href":"https:\/\/vossgass.no\/en\/wp-json\/wp\/v2\/product_tag?post=15508"}],"curies":[{"name":"wp","href":"https:\/\/api.w.org\/{rel}","templated":true}]}}