{"id":15504,"date":"2025-04-15T17:28:06","date_gmt":"2025-04-15T15:28:06","guid":{"rendered":"https:\/\/vossgass.no\/produkt\/seal-lubricant-200-ml\/"},"modified":"2025-09-23T12:17:02","modified_gmt":"2025-09-23T10:17:02","slug":"seal-lubricant-200-ml","status":"publish","type":"product","link":"https:\/\/vossgass.no\/en\/product\/seal-lubricant-200-ml\/","title":{"rendered":"Seal Lubricant 200 ml"},"content":{"rendered":"","protected":false},"excerpt":{"rendered":"<p>Sm\u00f8remiddel for periodisk pleie, beskyttelse og sm\u00f8ring av tettinger, l\u00e5s, hengsler, markiseskinner, sykler m.m.<br \/>\nThetford Seal Lubricant er utviklet spesielt for Thetfords toaletter og er helt trygg \u00e5 bruke.<br \/>\nRegelmessig bruk p\u00e5 toalettets bladtetting s\u00f8rger for at den alltid forblir smidig med lengre levetid.<br \/>\nRist f\u00f8r bruk.<br \/>\nS\u00f8rg for at omr\u00e5det som skal sm\u00f8res er ordentlig rengjort og t\u00f8rket.<br \/>\nP\u00e5f\u00f8r et tynt lag, gjenta prosessen med regelmessige intervaller.<br \/>\nFlaske 200 ml.<\/p>","protected":false},"featured_media":16941,"comment_status":"open","ping_status":"closed","template":"","meta":[],"product_brand":[],"product_cat":[260,498],"product_tag":[],"class_list":{"0":"post-15504","1":"product","2":"type-product","3":"status-publish","4":"has-post-thumbnail","6":"product_cat-hytte-camping-fritid","7":"product_cat-toalett-vann-avlop","9":"first","10":"instock","11":"taxable","12":"shipping-taxable","13":"purchasable","14":"product-type-simple"},"_links":{"self":[{"href":"https:\/\/vossgass.no\/en\/wp-json\/wp\/v2\/product\/15504","targetHints":{"allow":["GET"]}}],"collection":[{"href":"https:\/\/vossgass.no\/en\/wp-json\/wp\/v2\/product"}],"about":[{"href":"https:\/\/vossgass.no\/en\/wp-json\/wp\/v2\/types\/product"}],"replies":[{"embeddable":true,"href":"https:\/\/vossgass.no\/en\/wp-json\/wp\/v2\/comments?post=15504"}],"wp:featuredmedia":[{"embeddable":true,"href":"https:\/\/vossgass.no\/en\/wp-json\/wp\/v2\/media\/16941"}],"wp:attachment":[{"href":"https:\/\/vossgass.no\/en\/wp-json\/wp\/v2\/media?parent=15504"}],"wp:term":[{"taxonomy":"product_brand","embeddable":true,"href":"https:\/\/vossgass.no\/en\/wp-json\/wp\/v2\/product_brand?post=15504"},{"taxonomy":"product_cat","embeddable":true,"href":"https:\/\/vossgass.no\/en\/wp-json\/wp\/v2\/product_cat?post=15504"},{"taxonomy":"product_tag","embeddable":true,"href":"https:\/\/vossgass.no\/en\/wp-json\/wp\/v2\/product_tag?post=15504"}],"curies":[{"name":"wp","href":"https:\/\/api.w.org\/{rel}","templated":true}]}}