{"id":15503,"date":"2025-04-15T17:28:01","date_gmt":"2025-04-15T15:28:01","guid":{"rendered":"https:\/\/vossgass.no\/produkt\/duo-tank-cleaner-08-l-thetford\/"},"modified":"2026-04-01T22:41:09","modified_gmt":"2026-04-01T20:41:09","slug":"duo-tank-cleaner-08-l-thetford","status":"publish","type":"product","link":"https:\/\/vossgass.no\/en\/product\/duo-tank-cleaner-08-l-thetford\/","title":{"rendered":"Duo Tank Cleaner 0,8 L Thetford"},"content":{"rendered":"","protected":false},"excerpt":{"rendered":"<p>Dosering for avfallstanken:<br \/>\nDoser 200 ml Duo Tank Cleaner konsentrert i den tomme tanken, tilsett 5 liter varmt vann og rist tanken grundig. Du kan ogs\u00e5 kj\u00f8re bilen mens produktet er i tanken, noe som forbedrer rengj\u00f8ringen ytterligere. N\u00e5r du t\u00f8mmer avfallstanken (etter ca. 16 timer), er avleiringer, belegg og d\u00e5rlig lukt borte, og en ren og frisk luktetank er resultatet.<\/p>\n<p>Dosering for gr\u00e5vannstanken:<br \/>\nDoser 600 ml i den tomme gr\u00e5vannstanken gjennom vasken og \/ eller toalettet (du kan ogs\u00e5 tilsette stoffet gjennom dusjen hvis dusjavl\u00f8pet ledes til gr\u00e5vannstanken), tilsett 50 liter (avhengig av volumet p\u00e5 tanken, kan mengden v\u00e6re mindre) og kj\u00f8r bilen i minst 1 time. N\u00e5r du t\u00f8mmer gr\u00e5vannstanken (etter ca. 16 timer), er avleiringer, belegg og d\u00e5rlig lukt borte, og en ren og frisk luktetank er resultatet. For best resultat \u2013 bruk Duo Tank Cleaner Concentrated 2-3 ganger \/ \u00e5r.<\/p>","protected":false},"featured_media":16940,"comment_status":"open","ping_status":"closed","template":"","meta":[],"product_brand":[],"product_cat":[260,498],"product_tag":[],"class_list":{"0":"post-15503","1":"product","2":"type-product","3":"status-publish","4":"has-post-thumbnail","6":"product_cat-hytte-camping-fritid","7":"product_cat-toalett-vann-avlop","9":"first","10":"instock","11":"taxable","12":"shipping-taxable","13":"purchasable","14":"product-type-simple"},"_links":{"self":[{"href":"https:\/\/vossgass.no\/en\/wp-json\/wp\/v2\/product\/15503","targetHints":{"allow":["GET"]}}],"collection":[{"href":"https:\/\/vossgass.no\/en\/wp-json\/wp\/v2\/product"}],"about":[{"href":"https:\/\/vossgass.no\/en\/wp-json\/wp\/v2\/types\/product"}],"replies":[{"embeddable":true,"href":"https:\/\/vossgass.no\/en\/wp-json\/wp\/v2\/comments?post=15503"}],"wp:featuredmedia":[{"embeddable":true,"href":"https:\/\/vossgass.no\/en\/wp-json\/wp\/v2\/media\/16940"}],"wp:attachment":[{"href":"https:\/\/vossgass.no\/en\/wp-json\/wp\/v2\/media?parent=15503"}],"wp:term":[{"taxonomy":"product_brand","embeddable":true,"href":"https:\/\/vossgass.no\/en\/wp-json\/wp\/v2\/product_brand?post=15503"},{"taxonomy":"product_cat","embeddable":true,"href":"https:\/\/vossgass.no\/en\/wp-json\/wp\/v2\/product_cat?post=15503"},{"taxonomy":"product_tag","embeddable":true,"href":"https:\/\/vossgass.no\/en\/wp-json\/wp\/v2\/product_tag?post=15503"}],"curies":[{"name":"wp","href":"https:\/\/api.w.org\/{rel}","templated":true}]}}