{"id":15495,"date":"2025-04-15T17:26:33","date_gmt":"2025-04-15T15:26:33","guid":{"rendered":"https:\/\/vossgass.no\/produkt\/utelampe-solar-110-cm-hoy\/"},"modified":"2026-03-03T15:19:00","modified_gmt":"2026-03-03T14:19:00","slug":"utelampe-solar-110-cm-hoy","status":"publish","type":"product","link":"https:\/\/vossgass.no\/en\/product\/utelampe-solar-110-cm-hoy\/","title":{"rendered":"Utelampe Solar 110 cm, h\u00f8y"},"content":{"rendered":"","protected":false},"excerpt":{"rendered":"<p>Solar er en solcelledrevet utelampe i sv\u00e6rt h\u00f8y kvalitet. Lampen vil lyse i 6-8 timer under normale lysforhold.<\/p>\n<p>Klassisk design<br \/>\nLades opp ved hjelp av solen, integrert solcellepanel p\u00e5 toppen<br \/>\nMed lyssensor som gj\u00f8r at lampen skrur seg p\u00e5 n\u00e5r det blir m\u00f8rkt<br \/>\nMed PIR, bevegelsesdetektor<br \/>\nOppladbart litiumbatteri<br \/>\nVil virke ca 2-3 dager etter regnv\u00e6r<\/p>\n<p>Utelampe Solar 110 cm h\u00f8y skrus fast i underlaget, som terrasse, heller eller liknende. Solar s\u00f8rger for at det er lyst n\u00e5r du kommer opp p\u00e5 hytta fredag kveld, og er ogs\u00e5 egnet for stemningsbelysning utend\u00f8rs.<\/p>\n<p>Lampen er av sv\u00e6rt h\u00f8y kvalitet, produsert i aluminium og glass. Solcellepanelet p\u00e5 lampens topp er p\u00e5 4 watt, og vil lade opp det medf\u00f8lgende Li-ion batteriet p\u00e5 3,7 volt. Det er integrert 31 stk 0,2W led p\u00e6rer i lampen, som gir 50-300 lumen.<\/p>\n<p>Lampen skrur seg p\u00e5 automatisk n\u00e5r det skumrer, og av igjen n\u00e5r det blir lyst. Den vil virke 6-8 timer ved normalt dagslys (sommertid), men dette vil variere med \u00e5rstidene. Ved mye regnv\u00e6r og d\u00e5rlig lysinnstr\u00e5ling vil den virke i 2-3 dager. Lampen har ogs\u00e5 PIR detektor, velger man denne innstillingen vil lampen skru seg p\u00e5 n\u00e5r folk passerer.<\/p>","protected":false},"featured_media":16932,"comment_status":"open","ping_status":"closed","template":"","meta":[],"product_brand":[],"product_cat":[260,516],"product_tag":[],"class_list":{"0":"post-15495","1":"product","2":"type-product","3":"status-publish","4":"has-post-thumbnail","6":"product_cat-hytte-camping-fritid","7":"product_cat-solenergi-12-v-m-m-hytte-camping-fritid-2","9":"first","10":"instock","11":"taxable","12":"shipping-taxable","13":"purchasable","14":"product-type-simple"},"_links":{"self":[{"href":"https:\/\/vossgass.no\/en\/wp-json\/wp\/v2\/product\/15495","targetHints":{"allow":["GET"]}}],"collection":[{"href":"https:\/\/vossgass.no\/en\/wp-json\/wp\/v2\/product"}],"about":[{"href":"https:\/\/vossgass.no\/en\/wp-json\/wp\/v2\/types\/product"}],"replies":[{"embeddable":true,"href":"https:\/\/vossgass.no\/en\/wp-json\/wp\/v2\/comments?post=15495"}],"wp:featuredmedia":[{"embeddable":true,"href":"https:\/\/vossgass.no\/en\/wp-json\/wp\/v2\/media\/16932"}],"wp:attachment":[{"href":"https:\/\/vossgass.no\/en\/wp-json\/wp\/v2\/media?parent=15495"}],"wp:term":[{"taxonomy":"product_brand","embeddable":true,"href":"https:\/\/vossgass.no\/en\/wp-json\/wp\/v2\/product_brand?post=15495"},{"taxonomy":"product_cat","embeddable":true,"href":"https:\/\/vossgass.no\/en\/wp-json\/wp\/v2\/product_cat?post=15495"},{"taxonomy":"product_tag","embeddable":true,"href":"https:\/\/vossgass.no\/en\/wp-json\/wp\/v2\/product_tag?post=15495"}],"curies":[{"name":"wp","href":"https:\/\/api.w.org\/{rel}","templated":true}]}}