{"id":15482,"date":"2025-04-15T17:23:54","date_gmt":"2025-04-15T15:23:54","guid":{"rendered":"https:\/\/vossgass.no\/produkt\/gasslange-g10-pol-caravan-m-slangebruddsventil\/"},"modified":"2026-04-24T12:59:36","modified_gmt":"2026-04-24T10:59:36","slug":"gasslange-g10-pol-caravan-m-slangebruddsventil","status":"publish","type":"product","link":"https:\/\/vossgass.no\/en\/product\/gasslange-g10-pol-caravan-m-slangebruddsventil\/","title":{"rendered":"Gasslange G10 POL Caravan m\/slangebruddsventil. 45 cm"},"content":{"rendered":"","protected":false},"excerpt":{"rendered":"<p>H\u00f8ytrykkslange til for eksempel DuoControl og vanlige gass omskiftere. For \u00e5 kunne kj\u00f8re lovlig i EU med din DuoControl, skal det v\u00e6re slangebruddssikring p\u00e5 din gasslange.<\/p>\n<p>Slangebruddssikring<br \/>\nTilkobling inn: POL<br \/>\nTilkobling ut: M20x1,5<br \/>\nT\u00e5ler h\u00f8ytrykk<br \/>\nLengde: 45 cm<\/p>","protected":false},"featured_media":16919,"comment_status":"open","ping_status":"closed","template":"","meta":[],"product_brand":[],"product_cat":[318,634,319],"product_tag":[],"class_list":{"0":"post-15482","1":"product","2":"type-product","3":"status-publish","4":"has-post-thumbnail","6":"product_cat-gass-og-gassutstyr","7":"product_cat-propanslanger","8":"product_cat-slanger-ror-fittings-gass-gassutstyr","10":"first","11":"instock","12":"taxable","13":"shipping-taxable","14":"purchasable","15":"product-type-simple"},"_links":{"self":[{"href":"https:\/\/vossgass.no\/en\/wp-json\/wp\/v2\/product\/15482","targetHints":{"allow":["GET"]}}],"collection":[{"href":"https:\/\/vossgass.no\/en\/wp-json\/wp\/v2\/product"}],"about":[{"href":"https:\/\/vossgass.no\/en\/wp-json\/wp\/v2\/types\/product"}],"replies":[{"embeddable":true,"href":"https:\/\/vossgass.no\/en\/wp-json\/wp\/v2\/comments?post=15482"}],"wp:featuredmedia":[{"embeddable":true,"href":"https:\/\/vossgass.no\/en\/wp-json\/wp\/v2\/media\/16919"}],"wp:attachment":[{"href":"https:\/\/vossgass.no\/en\/wp-json\/wp\/v2\/media?parent=15482"}],"wp:term":[{"taxonomy":"product_brand","embeddable":true,"href":"https:\/\/vossgass.no\/en\/wp-json\/wp\/v2\/product_brand?post=15482"},{"taxonomy":"product_cat","embeddable":true,"href":"https:\/\/vossgass.no\/en\/wp-json\/wp\/v2\/product_cat?post=15482"},{"taxonomy":"product_tag","embeddable":true,"href":"https:\/\/vossgass.no\/en\/wp-json\/wp\/v2\/product_tag?post=15482"}],"curies":[{"name":"wp","href":"https:\/\/api.w.org\/{rel}","templated":true}]}}